{"id":432,"date":"2023-08-13T10:29:56","date_gmt":"2023-08-13T08:29:56","guid":{"rendered":"http:\/\/collectionbardinet.fr\/?page_id=432"},"modified":"2025-09-07T20:32:26","modified_gmt":"2025-09-07T18:32:26","slug":"la-collection","status":"publish","type":"page","link":"https:\/\/collectionbardinet.fr\/?page_id=432","title":{"rendered":"La collection"},"content":{"rendered":"<p><em><img loading=\"lazy\" decoding=\"async\" class=\"alignleft wp-image-3544 size-medium\" src=\"https:\/\/collectionbardinet.fr\/wp-content\/uploads\/2025\/09\/Gemini_Generated_Image_hjau9bhjau9bhjau-2-e1757198958491-300x254.jpg\" alt=\"\" width=\"300\" height=\"254\" srcset=\"https:\/\/collectionbardinet.fr\/wp-content\/uploads\/2025\/09\/Gemini_Generated_Image_hjau9bhjau9bhjau-2-e1757198958491-300x254.jpg 300w, https:\/\/collectionbardinet.fr\/wp-content\/uploads\/2025\/09\/Gemini_Generated_Image_hjau9bhjau9bhjau-2-e1757198958491-768x650.jpg 768w, https:\/\/collectionbardinet.fr\/wp-content\/uploads\/2025\/09\/Gemini_Generated_Image_hjau9bhjau9bhjau-2-e1757198958491.jpg 1024w\" sizes=\"auto, (max-width: 300px) 100vw, 300px\" \/>Ma collection personnelle : Cliquez sur une cat\u00e9gorie pour y d\u00e9couvrir les objets et faire d\u00e9filer les objets<\/em><\/p>\n<p><a href=\"mailto:xavier@collectionbardinet.fr\">xavier@collectionbardinet.fr<\/a><\/p>\n<p>&nbsp;<\/p>\n<hr \/>\n<style type=\"text\/css\">.foogallery-album-gallery-list .foogallery-pile h3 { background: rgb(205, 67, 69) !important; }.foogallery-album-gallery-list .foogallery-pile h3 { color: rgb(229, 228, 228) !important; }<\/style><div id=\"foogallery-album-3531\">\n\t<ul class=\"foogallery-album-gallery-list alignment-left\">\n\t\t\t\t\t\t<li>\n\t\t\t\t\t<div class=\"foogallery-pile\">\n\t\t\t\t\t\t<div class=\"foogallery-pile-inner\">\n\t\t\t\t\t\t\t<a href=\"\/index.php?rest_route=%2Fwp%2Fv2%2Fpages%2F432&#038;collection=je-cherche-ou-dautres-ont\" target=\"_self\">\n\t\t\t\t\t\t\t\t<img loading=\"lazy\" decoding=\"async\"  src=\"https:\/\/collectionbardinet.fr\/wp-content\/uploads\/cache\/2025\/08\/XXXX_recherche_0050\/914781245.jpg\" width=\"250\" height=\"350\" class=\"skip-lazy\" \/>\t\t\t\t\t\t\t\t\t\t\t\t\t\t\t\t<h3>Rejoignez l'aventure de la collection !\t\t\t\t\t\t\t\t\t<span>100 images<\/span>\n\t\t\t\t\t\t\t\t<\/h3>\n\t\t\t\t\t\t\t<\/a>\n\t\t\t\t\t\t<\/div>\n\t\t\t\t\t<\/div>\n\t\t\t\t<\/li>\n\t\t\t\t\t\t\t\t\t<li>\n\t\t\t\t\t<div class=\"foogallery-pile\">\n\t\t\t\t\t\t<div class=\"foogallery-pile-inner\">\n\t\t\t\t\t\t\t<a href=\"\/index.php?rest_route=%2Fwp%2Fv2%2Fpages%2F432&#038;collection=affiches\" target=\"_self\">\n\t\t\t\t\t\t\t\t<img loading=\"lazy\" decoding=\"async\"  src=\"https:\/\/collectionbardinet.fr\/wp-content\/uploads\/cache\/2025\/08\/bardinet_aff_180-120_00019\/141641475.jpg\" width=\"250\" height=\"350\" class=\"skip-lazy\" \/>\t\t\t\t\t\t\t\t\t\t\t\t\t\t\t\t<h3>Affiches\t\t\t\t\t\t\t\t\t<span>36 images<\/span>\n\t\t\t\t\t\t\t\t<\/h3>\n\t\t\t\t\t\t\t<\/a>\n\t\t\t\t\t\t<\/div>\n\t\t\t\t\t<\/div>\n\t\t\t\t<\/li>\n\t\t\t\t\t\t\t\t\t<li>\n\t\t\t\t\t<div class=\"foogallery-pile\">\n\t\t\t\t\t\t<div class=\"foogallery-pile-inner\">\n\t\t\t\t\t\t\t<a href=\"\/index.php?rest_route=%2Fwp%2Fv2%2Fpages%2F432&#038;collection=boites-et-caisses\" target=\"_self\">\n\t\t\t\t\t\t\t\t<img loading=\"lazy\" decoding=\"async\"  src=\"https:\/\/collectionbardinet.fr\/wp-content\/uploads\/cache\/2025\/09\/20250907_165459\/3215541766.jpg\" width=\"250\" height=\"350\" class=\"skip-lazy\" \/>\t\t\t\t\t\t\t\t\t\t\t\t\t\t\t\t<h3>Boites et Caisses\t\t\t\t\t\t\t\t\t<span>20 images<\/span>\n\t\t\t\t\t\t\t\t<\/h3>\n\t\t\t\t\t\t\t<\/a>\n\t\t\t\t\t\t<\/div>\n\t\t\t\t\t<\/div>\n\t\t\t\t<\/li>\n\t\t\t\t\t\t\t\t\t<li>\n\t\t\t\t\t<div class=\"foogallery-pile\">\n\t\t\t\t\t\t<div class=\"foogallery-pile-inner\">\n\t\t\t\t\t\t\t<a href=\"\/index.php?rest_route=%2Fwp%2Fv2%2Fpages%2F432&#038;collection=bouteilles\" target=\"_self\">\n\t\t\t\t\t\t\t\t<img loading=\"lazy\" decoding=\"async\"  src=\"https:\/\/collectionbardinet.fr\/wp-content\/uploads\/cache\/2025\/10\/20251024_122152\/3853196249.jpg\" width=\"250\" height=\"350\" class=\"skip-lazy\" \/>\t\t\t\t\t\t\t\t\t\t\t\t\t\t\t\t<h3>Bouteilles\t\t\t\t\t\t\t\t\t<span>39 images<\/span>\n\t\t\t\t\t\t\t\t<\/h3>\n\t\t\t\t\t\t\t<\/a>\n\t\t\t\t\t\t<\/div>\n\t\t\t\t\t<\/div>\n\t\t\t\t<\/li>\n\t\t\t\t\t\t\t\t\t<li>\n\t\t\t\t\t<div class=\"foogallery-pile\">\n\t\t\t\t\t\t<div class=\"foogallery-pile-inner\">\n\t\t\t\t\t\t\t<a href=\"\/index.php?rest_route=%2Fwp%2Fv2%2Fpages%2F432&#038;collection=buvards\" target=\"_self\">\n\t\t\t\t\t\t\t\t<img loading=\"lazy\" decoding=\"async\"  src=\"https:\/\/collectionbardinet.fr\/wp-content\/uploads\/cache\/2025\/08\/XXXX_bardinet_buvard_0011\/89995679.jpg\" width=\"250\" height=\"350\" class=\"skip-lazy\" \/>\t\t\t\t\t\t\t\t\t\t\t\t\t\t\t\t<h3>Buvards\t\t\t\t\t\t\t\t\t<span>12 images<\/span>\n\t\t\t\t\t\t\t\t<\/h3>\n\t\t\t\t\t\t\t<\/a>\n\t\t\t\t\t\t<\/div>\n\t\t\t\t\t<\/div>\n\t\t\t\t<\/li>\n\t\t\t\t\t\t\t\t\t<li>\n\t\t\t\t\t<div class=\"foogallery-pile\">\n\t\t\t\t\t\t<div class=\"foogallery-pile-inner\">\n\t\t\t\t\t\t\t<a href=\"\/index.php?rest_route=%2Fwp%2Fv2%2Fpages%2F432&#038;collection=canifs-et-couteaux\" target=\"_self\">\n\t\t\t\t\t\t\t\t<img loading=\"lazy\" decoding=\"async\"  src=\"https:\/\/collectionbardinet.fr\/wp-content\/uploads\/cache\/2025\/09\/20250924_164255\/1997970490.jpg\" width=\"250\" height=\"350\" class=\"skip-lazy\" \/>\t\t\t\t\t\t\t\t\t\t\t\t\t\t\t\t<h3>Canifs et Couteaux\t\t\t\t\t\t\t\t\t<span>8 images<\/span>\n\t\t\t\t\t\t\t\t<\/h3>\n\t\t\t\t\t\t\t<\/a>\n\t\t\t\t\t\t<\/div>\n\t\t\t\t\t<\/div>\n\t\t\t\t<\/li>\n\t\t\t\t\t\t\t\t\t<li>\n\t\t\t\t\t<div class=\"foogallery-pile\">\n\t\t\t\t\t\t<div class=\"foogallery-pile-inner\">\n\t\t\t\t\t\t\t<a href=\"\/index.php?rest_route=%2Fwp%2Fv2%2Fpages%2F432&#038;collection=carnets-de-bal-ou-de-bar\" target=\"_self\">\n\t\t\t\t\t\t\t\t<img loading=\"lazy\" decoding=\"async\"  src=\"https:\/\/collectionbardinet.fr\/wp-content\/uploads\/cache\/2025\/08\/XXXX_bardinet_carnets_0026\/1712143137.jpg\" width=\"250\" height=\"350\" class=\"skip-lazy\" \/>\t\t\t\t\t\t\t\t\t\t\t\t\t\t\t\t<h3>Carnets de Bal ou de Bar\t\t\t\t\t\t\t\t\t<span>35 images<\/span>\n\t\t\t\t\t\t\t\t<\/h3>\n\t\t\t\t\t\t\t<\/a>\n\t\t\t\t\t\t<\/div>\n\t\t\t\t\t<\/div>\n\t\t\t\t<\/li>\n\t\t\t\t\t\t\t\t\t<li>\n\t\t\t\t\t<div class=\"foogallery-pile\">\n\t\t\t\t\t\t<div class=\"foogallery-pile-inner\">\n\t\t\t\t\t\t\t<a href=\"\/index.php?rest_route=%2Fwp%2Fv2%2Fpages%2F432&#038;collection=cartes-chromos-et-photos\" target=\"_self\">\n\t\t\t\t\t\t\t\t<img loading=\"lazy\" decoding=\"async\"  src=\"https:\/\/collectionbardinet.fr\/wp-content\/uploads\/cache\/2025\/08\/XXXX_bardinet_cartes-chromos-photo_0012\/1141980717.jpg\" width=\"250\" height=\"350\" class=\"skip-lazy\" \/>\t\t\t\t\t\t\t\t\t\t\t\t\t\t\t\t<h3>Cartes, Chromos et Photos\t\t\t\t\t\t\t\t\t<span>67 images<\/span>\n\t\t\t\t\t\t\t\t<\/h3>\n\t\t\t\t\t\t\t<\/a>\n\t\t\t\t\t\t<\/div>\n\t\t\t\t\t<\/div>\n\t\t\t\t<\/li>\n\t\t\t\t\t\t\t\t\t<li>\n\t\t\t\t\t<div class=\"foogallery-pile\">\n\t\t\t\t\t\t<div class=\"foogallery-pile-inner\">\n\t\t\t\t\t\t\t<a href=\"\/index.php?rest_route=%2Fwp%2Fv2%2Fpages%2F432&#038;collection=cendriers-et-vide-poche\" target=\"_self\">\n\t\t\t\t\t\t\t\t<img loading=\"lazy\" decoding=\"async\"  src=\"https:\/\/collectionbardinet.fr\/wp-content\/uploads\/cache\/2025\/11\/20251120_142801\/2066964482.jpg\" width=\"250\" height=\"350\" class=\"skip-lazy\" \/>\t\t\t\t\t\t\t\t\t\t\t\t\t\t\t\t<h3>Cendriers et vide Poche\t\t\t\t\t\t\t\t\t<span>15 images<\/span>\n\t\t\t\t\t\t\t\t<\/h3>\n\t\t\t\t\t\t\t<\/a>\n\t\t\t\t\t\t<\/div>\n\t\t\t\t\t<\/div>\n\t\t\t\t<\/li>\n\t\t\t\t\t\t\t\t\t<li>\n\t\t\t\t\t<div class=\"foogallery-pile\">\n\t\t\t\t\t\t<div class=\"foogallery-pile-inner\">\n\t\t\t\t\t\t\t<a href=\"\/index.php?rest_route=%2Fwp%2Fv2%2Fpages%2F432&#038;collection=contrefacons\" target=\"_self\">\n\t\t\t\t\t\t\t\t<img loading=\"lazy\" decoding=\"async\"  src=\"https:\/\/collectionbardinet.fr\/wp-content\/uploads\/cache\/2025\/08\/XXXX_contrefacons_0003\/2946620184.jpg\" width=\"250\" height=\"350\" class=\"skip-lazy\" \/>\t\t\t\t\t\t\t\t\t\t\t\t\t\t\t\t<h3>Contrefacons\t\t\t\t\t\t\t\t\t<span>14 images<\/span>\n\t\t\t\t\t\t\t\t<\/h3>\n\t\t\t\t\t\t\t<\/a>\n\t\t\t\t\t\t<\/div>\n\t\t\t\t\t<\/div>\n\t\t\t\t<\/li>\n\t\t\t\t\t\t\t\t\t<li>\n\t\t\t\t\t<div class=\"foogallery-pile\">\n\t\t\t\t\t\t<div class=\"foogallery-pile-inner\">\n\t\t\t\t\t\t\t<a href=\"\/index.php?rest_route=%2Fwp%2Fv2%2Fpages%2F432&#038;collection=courriers-factures-et-timbres\" target=\"_self\">\n\t\t\t\t\t\t\t\t<img loading=\"lazy\" decoding=\"async\"  src=\"https:\/\/collectionbardinet.fr\/wp-content\/uploads\/cache\/2025\/08\/XXXX_bardinet_courrier-timbres_0015\/3163929049.jpg\" width=\"250\" height=\"350\" class=\"skip-lazy\" \/>\t\t\t\t\t\t\t\t\t\t\t\t\t\t\t\t<h3>Courriers, Factures et Timbres\t\t\t\t\t\t\t\t\t<span>22 images<\/span>\n\t\t\t\t\t\t\t\t<\/h3>\n\t\t\t\t\t\t\t<\/a>\n\t\t\t\t\t\t<\/div>\n\t\t\t\t\t<\/div>\n\t\t\t\t<\/li>\n\t\t\t\t\t\t\t\t\t<li>\n\t\t\t\t\t<div class=\"foogallery-pile\">\n\t\t\t\t\t\t<div class=\"foogallery-pile-inner\">\n\t\t\t\t\t\t\t<a href=\"\/index.php?rest_route=%2Fwp%2Fv2%2Fpages%2F432&#038;collection=cruches-amphores\" target=\"_self\">\n\t\t\t\t\t\t\t\t<img loading=\"lazy\" decoding=\"async\"  src=\"https:\/\/collectionbardinet.fr\/wp-content\/uploads\/cache\/2025\/08\/XXXX_bardinet_cruches_0005\/505030831.jpg\" width=\"250\" height=\"350\" class=\"skip-lazy\" \/>\t\t\t\t\t\t\t\t\t\t\t\t\t\t\t\t<h3>Cruches & Amphores\t\t\t\t\t\t\t\t\t<span>35 images<\/span>\n\t\t\t\t\t\t\t\t<\/h3>\n\t\t\t\t\t\t\t<\/a>\n\t\t\t\t\t\t<\/div>\n\t\t\t\t\t<\/div>\n\t\t\t\t<\/li>\n\t\t\t\t\t\t\t\t\t<li>\n\t\t\t\t\t<div class=\"foogallery-pile\">\n\t\t\t\t\t\t<div class=\"foogallery-pile-inner\">\n\t\t\t\t\t\t\t<a href=\"\/index.php?rest_route=%2Fwp%2Fv2%2Fpages%2F432&#038;collection=editions-rapports-et-plaquette\" target=\"_self\">\n\t\t\t\t\t\t\t\t<img loading=\"lazy\" decoding=\"async\"  src=\"https:\/\/collectionbardinet.fr\/wp-content\/uploads\/cache\/2026\/01\/20260130_174745-1\/1614945644.jpg\" width=\"250\" height=\"350\" class=\"skip-lazy\" \/>\t\t\t\t\t\t\t\t\t\t\t\t\t\t\t\t<h3>Editions, Plaquettes, Livres de recettes\t\t\t\t\t\t\t\t\t<span>54 images<\/span>\n\t\t\t\t\t\t\t\t<\/h3>\n\t\t\t\t\t\t\t<\/a>\n\t\t\t\t\t\t<\/div>\n\t\t\t\t\t<\/div>\n\t\t\t\t<\/li>\n\t\t\t\t\t\t\t\t\t<li>\n\t\t\t\t\t<div class=\"foogallery-pile\">\n\t\t\t\t\t\t<div class=\"foogallery-pile-inner\">\n\t\t\t\t\t\t\t<a href=\"\/index.php?rest_route=%2Fwp%2Fv2%2Fpages%2F432&#038;collection=etiquettes\" target=\"_self\">\n\t\t\t\t\t\t\t\t<img loading=\"lazy\" decoding=\"async\"  src=\"https:\/\/collectionbardinet.fr\/wp-content\/uploads\/cache\/2025\/08\/XXXX_bardinet_etiquette_0040\/3325728854.jpg\" width=\"250\" height=\"350\" class=\"skip-lazy\" \/>\t\t\t\t\t\t\t\t\t\t\t\t\t\t\t\t<h3>Etiquettes\t\t\t\t\t\t\t\t\t<span>43 images<\/span>\n\t\t\t\t\t\t\t\t<\/h3>\n\t\t\t\t\t\t\t<\/a>\n\t\t\t\t\t\t<\/div>\n\t\t\t\t\t<\/div>\n\t\t\t\t<\/li>\n\t\t\t\t\t\t\t\t\t<li>\n\t\t\t\t\t<div class=\"foogallery-pile\">\n\t\t\t\t\t\t<div class=\"foogallery-pile-inner\">\n\t\t\t\t\t\t\t<a href=\"\/index.php?rest_route=%2Fwp%2Fv2%2Fpages%2F432&#038;collection=eventails\" target=\"_self\">\n\t\t\t\t\t\t\t\t<img loading=\"lazy\" decoding=\"async\"  src=\"https:\/\/collectionbardinet.fr\/wp-content\/uploads\/cache\/2025\/08\/XXXX_bardinet_eventails_0009\/2665697348.jpg\" width=\"250\" height=\"350\" class=\"skip-lazy\" \/>\t\t\t\t\t\t\t\t\t\t\t\t\t\t\t\t<h3>Eventails\t\t\t\t\t\t\t\t\t<span>10 images<\/span>\n\t\t\t\t\t\t\t\t<\/h3>\n\t\t\t\t\t\t\t<\/a>\n\t\t\t\t\t\t<\/div>\n\t\t\t\t\t<\/div>\n\t\t\t\t<\/li>\n\t\t\t\t\t\t\t\t\t<li>\n\t\t\t\t\t<div class=\"foogallery-pile\">\n\t\t\t\t\t\t<div class=\"foogallery-pile-inner\">\n\t\t\t\t\t\t\t<a href=\"\/index.php?rest_route=%2Fwp%2Fv2%2Fpages%2F432&#038;collection=horloges-montres\" target=\"_self\">\n\t\t\t\t\t\t\t\t<img loading=\"lazy\" decoding=\"async\"  src=\"https:\/\/collectionbardinet.fr\/wp-content\/uploads\/cache\/2025\/08\/XXXX_bardinet_horloge_0006\/3089874493.jpg\" width=\"250\" height=\"350\" class=\"skip-lazy\" \/>\t\t\t\t\t\t\t\t\t\t\t\t\t\t\t\t<h3>Horloges & Montres\t\t\t\t\t\t\t\t\t<span>7 images<\/span>\n\t\t\t\t\t\t\t\t<\/h3>\n\t\t\t\t\t\t\t<\/a>\n\t\t\t\t\t\t<\/div>\n\t\t\t\t\t<\/div>\n\t\t\t\t<\/li>\n\t\t\t\t\t\t\t\t\t<li>\n\t\t\t\t\t<div class=\"foogallery-pile\">\n\t\t\t\t\t\t<div class=\"foogallery-pile-inner\">\n\t\t\t\t\t\t\t<a href=\"\/index.php?rest_route=%2Fwp%2Fv2%2Fpages%2F432&#038;collection=jeux\" target=\"_self\">\n\t\t\t\t\t\t\t\t<img loading=\"lazy\" decoding=\"async\"  src=\"https:\/\/collectionbardinet.fr\/wp-content\/uploads\/cache\/2025\/08\/XXXX_bardinet_jeux_0005\/2827342134.jpg\" width=\"250\" height=\"350\" class=\"skip-lazy\" \/>\t\t\t\t\t\t\t\t\t\t\t\t\t\t\t\t<h3>Jeux\t\t\t\t\t\t\t\t\t<span>21 images<\/span>\n\t\t\t\t\t\t\t\t<\/h3>\n\t\t\t\t\t\t\t<\/a>\n\t\t\t\t\t\t<\/div>\n\t\t\t\t\t<\/div>\n\t\t\t\t<\/li>\n\t\t\t\t\t\t\t\t\t<li>\n\t\t\t\t\t<div class=\"foogallery-pile\">\n\t\t\t\t\t\t<div class=\"foogallery-pile-inner\">\n\t\t\t\t\t\t\t<a href=\"\/index.php?rest_route=%2Fwp%2Fv2%2Fpages%2F432&#038;collection=menus\" target=\"_self\">\n\t\t\t\t\t\t\t\t<img loading=\"lazy\" decoding=\"async\"  src=\"https:\/\/collectionbardinet.fr\/wp-content\/uploads\/cache\/2026\/01\/20260130_1746291\/747734703.jpg\" width=\"250\" height=\"350\" class=\"skip-lazy\" \/>\t\t\t\t\t\t\t\t\t\t\t\t\t\t\t\t<h3>Menus\t\t\t\t\t\t\t\t\t<span>30 images<\/span>\n\t\t\t\t\t\t\t\t<\/h3>\n\t\t\t\t\t\t\t<\/a>\n\t\t\t\t\t\t<\/div>\n\t\t\t\t\t<\/div>\n\t\t\t\t<\/li>\n\t\t\t\t\t\t\t\t\t<li>\n\t\t\t\t\t<div class=\"foogallery-pile\">\n\t\t\t\t\t\t<div class=\"foogallery-pile-inner\">\n\t\t\t\t\t\t\t<a href=\"\/index.php?rest_route=%2Fwp%2Fv2%2Fpages%2F432&#038;collection=mignonettes\" target=\"_self\">\n\t\t\t\t\t\t\t\t<img loading=\"lazy\" decoding=\"async\"  src=\"https:\/\/collectionbardinet.fr\/wp-content\/uploads\/cache\/2025\/08\/XXXX_bardinet_mignonette_0099\/2123575992.jpg\" width=\"250\" height=\"350\" class=\"skip-lazy\" \/>\t\t\t\t\t\t\t\t\t\t\t\t\t\t\t\t<h3>Mignonettes\t\t\t\t\t\t\t\t\t<span>113 images<\/span>\n\t\t\t\t\t\t\t\t<\/h3>\n\t\t\t\t\t\t\t<\/a>\n\t\t\t\t\t\t<\/div>\n\t\t\t\t\t<\/div>\n\t\t\t\t<\/li>\n\t\t\t\t\t\t\t\t\t<li>\n\t\t\t\t\t<div class=\"foogallery-pile\">\n\t\t\t\t\t\t<div class=\"foogallery-pile-inner\">\n\t\t\t\t\t\t\t<a href=\"\/index.php?rest_route=%2Fwp%2Fv2%2Fpages%2F432&#038;collection=objets-divers\" target=\"_self\">\n\t\t\t\t\t\t\t\t<img loading=\"lazy\" decoding=\"async\"  src=\"https:\/\/collectionbardinet.fr\/wp-content\/uploads\/cache\/2026\/01\/20260117_143814\/2929585084.jpg\" width=\"250\" height=\"350\" class=\"skip-lazy\" \/>\t\t\t\t\t\t\t\t\t\t\t\t\t\t\t\t<h3>Objets Divers\t\t\t\t\t\t\t\t\t<span>35 images<\/span>\n\t\t\t\t\t\t\t\t<\/h3>\n\t\t\t\t\t\t\t<\/a>\n\t\t\t\t\t\t<\/div>\n\t\t\t\t\t<\/div>\n\t\t\t\t<\/li>\n\t\t\t\t\t\t\t\t\t<li>\n\t\t\t\t\t<div class=\"foogallery-pile\">\n\t\t\t\t\t\t<div class=\"foogallery-pile-inner\">\n\t\t\t\t\t\t\t<a href=\"\/index.php?rest_route=%2Fwp%2Fv2%2Fpages%2F432&#038;collection=ouvre-bouteille-tire-bouchon\" target=\"_self\">\n\t\t\t\t\t\t\t\t<img loading=\"lazy\" decoding=\"async\"  src=\"https:\/\/collectionbardinet.fr\/wp-content\/uploads\/cache\/2025\/08\/XXXX_bardinet_tire-bouchon_0013\/2826823592.jpg\" width=\"250\" height=\"350\" class=\"skip-lazy\" \/>\t\t\t\t\t\t\t\t\t\t\t\t\t\t\t\t<h3>Ouvre-bouteille & Tire-bouchon\t\t\t\t\t\t\t\t\t<span>15 images<\/span>\n\t\t\t\t\t\t\t\t<\/h3>\n\t\t\t\t\t\t\t<\/a>\n\t\t\t\t\t\t<\/div>\n\t\t\t\t\t<\/div>\n\t\t\t\t<\/li>\n\t\t\t\t\t\t\t\t\t<li>\n\t\t\t\t\t<div class=\"foogallery-pile\">\n\t\t\t\t\t\t<div class=\"foogallery-pile-inner\">\n\t\t\t\t\t\t\t<a href=\"\/index.php?rest_route=%2Fwp%2Fv2%2Fpages%2F432&#038;collection=plaques-dimprimeurs-cliches-typographiques\" target=\"_self\">\n\t\t\t\t\t\t\t\t<img loading=\"lazy\" decoding=\"async\"  src=\"https:\/\/collectionbardinet.fr\/wp-content\/uploads\/cache\/2025\/08\/XXXX_bardinet_plaques-imprimeur_0039\/3138311492.jpg\" width=\"250\" height=\"350\" class=\"skip-lazy\" \/>\t\t\t\t\t\t\t\t\t\t\t\t\t\t\t\t<h3>Plaques d'imprimeurs & Clich\u00e9s typographiques\t\t\t\t\t\t\t\t\t<span>82 images<\/span>\n\t\t\t\t\t\t\t\t<\/h3>\n\t\t\t\t\t\t\t<\/a>\n\t\t\t\t\t\t<\/div>\n\t\t\t\t\t<\/div>\n\t\t\t\t<\/li>\n\t\t\t\t\t\t\t\t\t<li>\n\t\t\t\t\t<div class=\"foogallery-pile\">\n\t\t\t\t\t\t<div class=\"foogallery-pile-inner\">\n\t\t\t\t\t\t\t<a href=\"\/index.php?rest_route=%2Fwp%2Fv2%2Fpages%2F432&#038;collection=plaques-cartons-et-plv\" target=\"_self\">\n\t\t\t\t\t\t\t\t<img loading=\"lazy\" decoding=\"async\"  src=\"https:\/\/collectionbardinet.fr\/wp-content\/uploads\/cache\/2025\/08\/XXXX_bardinet_plv-plaques_0014\/3944727417.jpg\" width=\"250\" height=\"350\" class=\"skip-lazy\" \/>\t\t\t\t\t\t\t\t\t\t\t\t\t\t\t\t<h3>Plaques, cartons et PLV\t\t\t\t\t\t\t\t\t<span>45 images<\/span>\n\t\t\t\t\t\t\t\t<\/h3>\n\t\t\t\t\t\t\t<\/a>\n\t\t\t\t\t\t<\/div>\n\t\t\t\t\t<\/div>\n\t\t\t\t<\/li>\n\t\t\t\t\t\t\t\t\t<li>\n\t\t\t\t\t<div class=\"foogallery-pile\">\n\t\t\t\t\t\t<div class=\"foogallery-pile-inner\">\n\t\t\t\t\t\t\t<a href=\"\/index.php?rest_route=%2Fwp%2Fv2%2Fpages%2F432&#038;collection=plateaux\" target=\"_self\">\n\t\t\t\t\t\t\t\t<img loading=\"lazy\" decoding=\"async\"  src=\"https:\/\/collectionbardinet.fr\/wp-content\/uploads\/cache\/2025\/08\/XXXX_bardinet_plateau_0011\/1426320100.jpg\" width=\"250\" height=\"350\" class=\"skip-lazy\" \/>\t\t\t\t\t\t\t\t\t\t\t\t\t\t\t\t<h3>Plateaux\t\t\t\t\t\t\t\t\t<span>10 images<\/span>\n\t\t\t\t\t\t\t\t<\/h3>\n\t\t\t\t\t\t\t<\/a>\n\t\t\t\t\t\t<\/div>\n\t\t\t\t\t<\/div>\n\t\t\t\t<\/li>\n\t\t\t\t\t\t\t\t\t<li>\n\t\t\t\t\t<div class=\"foogallery-pile\">\n\t\t\t\t\t\t<div class=\"foogallery-pile-inner\">\n\t\t\t\t\t\t\t<a href=\"\/index.php?rest_route=%2Fwp%2Fv2%2Fpages%2F432&#038;collection=porte-cles-stylos\" target=\"_self\">\n\t\t\t\t\t\t\t\t<img loading=\"lazy\" decoding=\"async\"  src=\"https:\/\/collectionbardinet.fr\/wp-content\/uploads\/cache\/2025\/08\/XXXX_bardinet_porte-cle-stylo_0007\/2423758317.jpg\" width=\"250\" height=\"350\" class=\"skip-lazy\" \/>\t\t\t\t\t\t\t\t\t\t\t\t\t\t\t\t<h3>Porte-cl\u00e9s & Stylos\t\t\t\t\t\t\t\t\t<span>20 images<\/span>\n\t\t\t\t\t\t\t\t<\/h3>\n\t\t\t\t\t\t\t<\/a>\n\t\t\t\t\t\t<\/div>\n\t\t\t\t\t<\/div>\n\t\t\t\t<\/li>\n\t\t\t\t\t\t\t\t\t<li>\n\t\t\t\t\t<div class=\"foogallery-pile\">\n\t\t\t\t\t\t<div class=\"foogallery-pile-inner\">\n\t\t\t\t\t\t\t<a href=\"\/index.php?rest_route=%2Fwp%2Fv2%2Fpages%2F432&#038;collection=proteges-cahier-decolier\" target=\"_self\">\n\t\t\t\t\t\t\t\t<img loading=\"lazy\" decoding=\"async\"  src=\"https:\/\/collectionbardinet.fr\/wp-content\/uploads\/cache\/2026\/01\/20260130_174737\/3929072388.jpg\" width=\"250\" height=\"350\" class=\"skip-lazy\" \/>\t\t\t\t\t\t\t\t\t\t\t\t\t\t\t\t<h3>Prot\u00e8ges Cahier d'ecolier\t\t\t\t\t\t\t\t\t<span>34 images<\/span>\n\t\t\t\t\t\t\t\t<\/h3>\n\t\t\t\t\t\t\t<\/a>\n\t\t\t\t\t\t<\/div>\n\t\t\t\t\t<\/div>\n\t\t\t\t<\/li>\n\t\t\t\t\t\t\t\t\t<li>\n\t\t\t\t\t<div class=\"foogallery-pile\">\n\t\t\t\t\t\t<div class=\"foogallery-pile-inner\">\n\t\t\t\t\t\t\t<a href=\"\/index.php?rest_route=%2Fwp%2Fv2%2Fpages%2F432&#038;collection=publicite-de-presse\" target=\"_self\">\n\t\t\t\t\t\t\t\t<img loading=\"lazy\" decoding=\"async\"  src=\"https:\/\/collectionbardinet.fr\/wp-content\/uploads\/cache\/2025\/10\/20251022_194912\/742428601.jpg\" width=\"250\" height=\"350\" class=\"skip-lazy\" \/>\t\t\t\t\t\t\t\t\t\t\t\t\t\t\t\t<h3>Publicit\u00e9 de Presse\t\t\t\t\t\t\t\t\t<span>83 images<\/span>\n\t\t\t\t\t\t\t\t<\/h3>\n\t\t\t\t\t\t\t<\/a>\n\t\t\t\t\t\t<\/div>\n\t\t\t\t\t<\/div>\n\t\t\t\t<\/li>\n\t\t\t\t\t\t\t\t\t<li>\n\t\t\t\t\t<div class=\"foogallery-pile\">\n\t\t\t\t\t\t<div class=\"foogallery-pile-inner\">\n\t\t\t\t\t\t\t<a href=\"\/index.php?rest_route=%2Fwp%2Fv2%2Fpages%2F432&#038;collection=pyrogenes\" target=\"_self\">\n\t\t\t\t\t\t\t\t<img loading=\"lazy\" decoding=\"async\"  src=\"https:\/\/collectionbardinet.fr\/wp-content\/uploads\/cache\/2025\/10\/20251019_162610\/2791087278.jpg\" width=\"250\" height=\"350\" class=\"skip-lazy\" \/>\t\t\t\t\t\t\t\t\t\t\t\t\t\t\t\t<h3>Pyrog\u00e8nes\t\t\t\t\t\t\t\t\t<span>11 images<\/span>\n\t\t\t\t\t\t\t\t<\/h3>\n\t\t\t\t\t\t\t<\/a>\n\t\t\t\t\t\t<\/div>\n\t\t\t\t\t<\/div>\n\t\t\t\t<\/li>\n\t\t\t\t\t\t\t\t\t<li>\n\t\t\t\t\t<div class=\"foogallery-pile\">\n\t\t\t\t\t\t<div class=\"foogallery-pile-inner\">\n\t\t\t\t\t\t\t<a href=\"\/index.php?rest_route=%2Fwp%2Fv2%2Fpages%2F432&#038;collection=sous-bock\" target=\"_self\">\n\t\t\t\t\t\t\t\t<img loading=\"lazy\" decoding=\"async\"  src=\"https:\/\/collectionbardinet.fr\/wp-content\/uploads\/cache\/2025\/08\/XXXX_sous-bock_0008\/161967831.jpg\" width=\"250\" height=\"350\" class=\"skip-lazy\" \/>\t\t\t\t\t\t\t\t\t\t\t\t\t\t\t\t<h3>Sous-bock\t\t\t\t\t\t\t\t\t<span>10 images<\/span>\n\t\t\t\t\t\t\t\t<\/h3>\n\t\t\t\t\t\t\t<\/a>\n\t\t\t\t\t\t<\/div>\n\t\t\t\t\t<\/div>\n\t\t\t\t<\/li>\n\t\t\t\t\t\t\t\t\t<li>\n\t\t\t\t\t<div class=\"foogallery-pile\">\n\t\t\t\t\t\t<div class=\"foogallery-pile-inner\">\n\t\t\t\t\t\t\t<a href=\"\/index.php?rest_route=%2Fwp%2Fv2%2Fpages%2F432&#038;collection=verrerie-vaisselle\" target=\"_self\">\n\t\t\t\t\t\t\t\t<img loading=\"lazy\" decoding=\"async\"  src=\"https:\/\/collectionbardinet.fr\/wp-content\/uploads\/cache\/2025\/08\/XXXX_vaisselle_0033\/1195383431.jpg\" width=\"250\" height=\"350\" class=\"skip-lazy\" \/>\t\t\t\t\t\t\t\t\t\t\t\t\t\t\t\t<h3>Verrerie & Vaisselle\t\t\t\t\t\t\t\t\t<span>40 images<\/span>\n\t\t\t\t\t\t\t\t<\/h3>\n\t\t\t\t\t\t\t<\/a>\n\t\t\t\t\t\t<\/div>\n\t\t\t\t\t<\/div>\n\t\t\t\t<\/li>\n\t\t\t\t\t\t<\/ul>\n\t<div style=\"clear: both;\"><\/div>\n<\/div>\n<style type=\"text\/css\">\/* --- Masque le compteur d'images (\"XX images\") --- *\/\r\n#foogallery-album-3531 .foogallery-pile h3 span {\r\n  display: none !important;\r\n}\r\n\r\n\/* --- Style de base du cartouche (toujours visible) --- *\/\r\n#foogallery-album-3531 .foogallery-pile h3 {\r\n  background-color: #A12626 !important; \/* Rouge sombre et intense *\/\r\n  color: white !important;\r\n  text-align: center;\r\n  font-weight: bold;\r\n  padding: 15px 10px !important;\r\n  margin: 0 !important;\r\n  transition: all 0.2s ease-in-out; \/* Pr\u00e9pare la transition *\/\r\n}\r\n\r\n\/* --- Style de l'image --- *\/\r\n#foogallery-album-3531 .foogallery-pile img {\r\n  transition: all 0.2s ease-in-out;\r\n  display: block;\r\n}\r\n\r\n\/* --- Effet au survol de la souris sur l'ensemble --- *\/\r\n#foogallery-album-3531 .foogallery-pile-inner:hover img {\r\n  transform: scale(1.05);\r\n  filter: saturate(1.2);\r\n  cursor: pointer;\r\n}\r\n\r\n\/* --- NOUVEL EFFET SUR LE CARTOUCHE --- *\/\r\n#foogallery-album-3531 .foogallery-pile-inner:hover h3 {\r\n  background-color: #FF0000 !important; \/* Rouge 100% VIF au survol *\/\r\n  cursor: pointer;\r\n}<\/style>\n","protected":false},"excerpt":{"rendered":"<p>Ma collection personnelle : Cliquez sur une cat\u00e9gorie pour y d\u00e9couvrir les objets et faire d\u00e9filer les objets xavier@collectionbardinet.fr &nbsp;<\/p>\n","protected":false},"author":1,"featured_media":3552,"parent":0,"menu_order":1,"comment_status":"closed","ping_status":"closed","template":"","meta":{"_acf_changed":false,"_crdt_document":"","advgb_blocks_editor_width":"","advgb_blocks_columns_visual_guide":"","footnotes":""},"categories":[],"tags":[],"class_list":["post-432","page","type-page","status-publish","has-post-thumbnail","hentry"],"acf":[],"coauthors":[],"author_meta":{"author_link":"https:\/\/collectionbardinet.fr\/?author=1","display_name":"Xavier P."},"relative_dates":{"created":"Publi\u00e9 3 ans il y a","modified":"Mis \u00e0 jour 7 mois il y a"},"absolute_dates":{"created":"Publi\u00e9 le 13 ao\u00fbt 2023","modified":"Mise \u00e0 jour le 7 septembre 2025"},"absolute_dates_time":{"created":"Publi\u00e9 le 13 ao\u00fbt 2023 10h29","modified":"Mise \u00e0 jour le 7 septembre 2025 20h32"},"featured_img_caption":"","featured_img":"https:\/\/collectionbardinet.fr\/wp-content\/uploads\/2025\/09\/Gemini_Generated_Image_7vhvvb7vhvvb7vhv-e1757235434217.jpg","series_order":"","rttpg_featured_image_url":{"full":["https:\/\/collectionbardinet.fr\/wp-content\/uploads\/2025\/09\/Gemini_Generated_Image_7vhvvb7vhvvb7vhv-e1757235434217.jpg",715,725,false],"landscape":["https:\/\/collectionbardinet.fr\/wp-content\/uploads\/2025\/09\/Gemini_Generated_Image_7vhvvb7vhvvb7vhv-e1757235434217.jpg",715,725,false],"portraits":["https:\/\/collectionbardinet.fr\/wp-content\/uploads\/2025\/09\/Gemini_Generated_Image_7vhvvb7vhvvb7vhv-e1757235434217.jpg",715,725,false],"thumbnail":["https:\/\/collectionbardinet.fr\/wp-content\/uploads\/2025\/09\/Gemini_Generated_Image_7vhvvb7vhvvb7vhv-e1757235434217-150x150.jpg",150,150,true],"medium":["https:\/\/collectionbardinet.fr\/wp-content\/uploads\/2025\/09\/Gemini_Generated_Image_7vhvvb7vhvvb7vhv-e1757235434217-296x300.jpg",296,300,true],"large":["https:\/\/collectionbardinet.fr\/wp-content\/uploads\/2025\/09\/Gemini_Generated_Image_7vhvvb7vhvvb7vhv-640x1024.jpg",640,1024,true],"1536x1536":["https:\/\/collectionbardinet.fr\/wp-content\/uploads\/2025\/09\/Gemini_Generated_Image_7vhvvb7vhvvb7vhv-e1757235434217.jpg",715,725,false],"2048x2048":["https:\/\/collectionbardinet.fr\/wp-content\/uploads\/2025\/09\/Gemini_Generated_Image_7vhvvb7vhvvb7vhv-e1757235434217.jpg",715,725,false],"inspiro-featured-image":["https:\/\/collectionbardinet.fr\/wp-content\/uploads\/2025\/09\/Gemini_Generated_Image_7vhvvb7vhvvb7vhv-e1757235434217.jpg",715,725,false],"inspiro-loop":["https:\/\/collectionbardinet.fr\/wp-content\/uploads\/2025\/09\/Gemini_Generated_Image_7vhvvb7vhvvb7vhv-e1757235434217-715x320.jpg",715,320,true],"inspiro-loop@2x":["https:\/\/collectionbardinet.fr\/wp-content\/uploads\/2025\/09\/Gemini_Generated_Image_7vhvvb7vhvvb7vhv-e1757235434217-715x640.jpg",715,640,true]},"rttpg_author":{"display_name":"Xavier P.","author_link":"https:\/\/collectionbardinet.fr\/?author=1"},"rttpg_comment":0,"rttpg_category":false,"rttpg_excerpt":"Ma collection personnelle : Cliquez sur une cat\u00e9gorie pour y d\u00e9couvrir les objets et faire d\u00e9filer les objets xavier@collectionbardinet.fr &nbsp;","_links":{"self":[{"href":"https:\/\/collectionbardinet.fr\/index.php?rest_route=\/wp\/v2\/pages\/432","targetHints":{"allow":["GET"]}}],"collection":[{"href":"https:\/\/collectionbardinet.fr\/index.php?rest_route=\/wp\/v2\/pages"}],"about":[{"href":"https:\/\/collectionbardinet.fr\/index.php?rest_route=\/wp\/v2\/types\/page"}],"author":[{"embeddable":true,"href":"https:\/\/collectionbardinet.fr\/index.php?rest_route=\/wp\/v2\/users\/1"}],"replies":[{"embeddable":true,"href":"https:\/\/collectionbardinet.fr\/index.php?rest_route=%2Fwp%2Fv2%2Fcomments&post=432"}],"version-history":[{"count":29,"href":"https:\/\/collectionbardinet.fr\/index.php?rest_route=\/wp\/v2\/pages\/432\/revisions"}],"predecessor-version":[{"id":3574,"href":"https:\/\/collectionbardinet.fr\/index.php?rest_route=\/wp\/v2\/pages\/432\/revisions\/3574"}],"wp:featuredmedia":[{"embeddable":true,"href":"https:\/\/collectionbardinet.fr\/index.php?rest_route=\/wp\/v2\/media\/3552"}],"wp:attachment":[{"href":"https:\/\/collectionbardinet.fr\/index.php?rest_route=%2Fwp%2Fv2%2Fmedia&parent=432"}],"wp:term":[{"taxonomy":"category","embeddable":true,"href":"https:\/\/collectionbardinet.fr\/index.php?rest_route=%2Fwp%2Fv2%2Fcategories&post=432"},{"taxonomy":"post_tag","embeddable":true,"href":"https:\/\/collectionbardinet.fr\/index.php?rest_route=%2Fwp%2Fv2%2Ftags&post=432"}],"curies":[{"name":"wp","href":"https:\/\/api.w.org\/{rel}","templated":true}]}}