{"id":2027,"date":"2025-08-10T18:48:12","date_gmt":"2025-08-10T16:48:12","guid":{"rendered":"https:\/\/collectionbardinet.fr\/?page_id=2027"},"modified":"2025-08-31T23:25:53","modified_gmt":"2025-08-31T21:25:53","slug":"curiosites-savoir-faire","status":"publish","type":"page","link":"https:\/\/collectionbardinet.fr\/?page_id=2027","title":{"rendered":"Curiosit\u00e9s &#038; Savoir-faire"},"content":{"rendered":"<style type='text\/css' media='all'>#rt-tpg-container-2322471829 .rt-holder .rt-woo-info .price{color:#fdb813;}body .rt-tpg-container .rt-tpg-isotope-buttons .selected,\n\t\t\t\t\t#rt-tpg-container-2322471829 .layout12 .rt-holder:hover .rt-detail,\n\t\t\t\t\t#rt-tpg-container-2322471829 .isotope8 .rt-holder:hover .rt-detail,\n\t\t\t\t\t#rt-tpg-container-2322471829 .carousel8 .rt-holder:hover .rt-detail,\n\t\t\t\t\t#rt-tpg-container-2322471829 .layout13 .rt-holder .overlay .post-info,\n\t\t\t\t\t#rt-tpg-container-2322471829 .isotope9 .rt-holder .overlay .post-info,\n\t\t\t\t\t#rt-tpg-container-2322471829.rt-tpg-container .layout4 .rt-holder .rt-detail,\n\t\t\t\t\t.rt-modal-2322471829 .md-content,\n\t\t\t\t\t.rt-modal-2322471829 .md-content > .rt-md-content-holder .rt-md-content,\n\t\t\t\t\t.rt-popup-wrap-2322471829.rt-popup-wrap .rt-popup-navigation-wrap,\n\t\t\t\t\t#rt-tpg-container-2322471829 .carousel9 .rt-holder .overlay .post-info{background-color:#fdb813;}#rt-tpg-container-2322471829 .layout5 .rt-holder .overlay, #rt-tpg-container-2322471829 .isotope2 .rt-holder .overlay, #rt-tpg-container-2322471829 .carousel2 .rt-holder .overlay,#rt-tpg-container-2322471829 .layout15 .rt-holder h3, #rt-tpg-container-2322471829 .isotope11 .rt-holder h3, #rt-tpg-container-2322471829 .carousel11 .rt-holder h3, #rt-tpg-container-2322471829 .layout16 .rt-holder h3,\n\t\t\t\t\t#rt-tpg-container-2322471829 .isotope12 .rt-holder h3, #rt-tpg-container-2322471829 .carousel12 .rt-holder h3 {background-color:rgba(253,184,19,0.8);}#rt-tpg-container-2322471829 .read-more a{border-radius:px;}#rt-tpg-container-2322471829 .rt-img-holder img.rt-img-responsive,#rt-tpg-container-2322471829 .rt-img-holder,\n\t\t\t\t\t#rt-tpg-container-2322471829 .rt-post-overlay .post-img,\n\t\t\t\t\t#rt-tpg-container-2322471829 .post-sm .post-img,\n\t\t\t\t\t#rt-tpg-container-2322471829 .rt-post-grid .post-img,\n\t\t\t\t\t#rt-tpg-container-2322471829 .post-img img {border-radius:px;}<\/style><div class='rt-container-fluid rt-tpg-container tpg-shortcode-main-wrapper ' id='rt-tpg-container-2322471829'   data-layout='layout5' data-grid-style='even' data-desktop-col='4'  data-tab-col='2'  data-mobile-col='1' data-sc-id='2025'><div class=\"tpg-widget-heading-wrapper heading-style1 center\"><span class=\"tpg-widget-heading-line line-left\"><\/span><h6 class=\"tpg-widget-heading\">Curiosit\u00e9s &#038; Savoir-faire<\/h6><span class=\"tpg-widget-heading-line\"><\/span><\/div><div id=\"bottom-script-loader\" class=\"bottom-script-loader\"><div class=\"rt-ball-clip-rotate\"><div><\/div><\/div><\/div><div data-title='Loading ...' class='rt-row rt-content-loader   layout5 tpg-even '><div class=\"rt-col-md-3 rt-col-sm-6 rt-col-xs-12 even-grid-item rt-grid-item\" data-id=\"376\"><div class=\"rt-holder\"><div class=\"overlay\"><h3 class=\"entry-title\"><a data-id=\"376\" class=\"\" href=\"https:\/\/collectionbardinet.fr\/?p=376\">Limoges fut la capitale des liquoristes<\/a><\/h3><div class='rt-detail'><div class='tpg-excerpt'>Pendant pr\u00e8s d&rsquo;un si\u00e8cle et demi, Limoges a \u00e9t\u00e9 la capitale des liquoristes. Plus de...<\/div><\/div><\/div> <a data-id='376' class='' href='https:\/\/collectionbardinet.fr\/?p=376'><img loading=\"lazy\" decoding=\"async\" width=\"1380\" height=\"792\" src=\"https:\/\/collectionbardinet.fr\/wp-content\/uploads\/2023\/08\/1520100584-e1690960477761.jpg\" class=\"rt-img-responsive \" alt=\"\" \/><\/a><\/div><\/div><div class=\"rt-col-md-3 rt-col-sm-6 rt-col-xs-12 even-grid-item rt-grid-item\" data-id=\"237\"><div class=\"rt-holder\"><div class=\"overlay\"><h3 class=\"entry-title\"><a data-id=\"237\" class=\"\" href=\"https:\/\/collectionbardinet.fr\/?p=237\">1906 : Negrita : la recette du maitre de chai des chartrons<\/a><\/h3><div class='rt-detail'><div class='tpg-excerpt'>Quand un vieu bordelais, malade, a priori atteint du syndrome de diogene, m&rsquo;\u00e9crit dans les...<\/div><\/div><\/div> <a data-id='237' class='' href='https:\/\/collectionbardinet.fr\/?p=237'><img loading=\"lazy\" decoding=\"async\" width=\"740\" height=\"1034\" src=\"https:\/\/collectionbardinet.fr\/wp-content\/uploads\/2023\/07\/negrita-1.jpg\" class=\"rt-img-responsive \" alt=\"\" \/><\/a><\/div><\/div><div class=\"rt-col-md-3 rt-col-sm-6 rt-col-xs-12 even-grid-item rt-grid-item\" data-id=\"221\"><div class=\"rt-holder\"><div class=\"overlay\"><h3 class=\"entry-title\"><a data-id=\"221\" class=\"\" href=\"https:\/\/collectionbardinet.fr\/?p=221\">1900-1960 Revue de Presse : Quand la loi Evin n&rsquo;existait pas encore<\/a><\/h3><div class='rt-detail'><div class='tpg-excerpt'>...<\/div><\/div><\/div> <a data-id='221' class='' href='https:\/\/collectionbardinet.fr\/?p=221'><img loading=\"lazy\" decoding=\"async\" width=\"1440\" height=\"896\" src=\"https:\/\/collectionbardinet.fr\/wp-content\/uploads\/2023\/07\/215519910_322136702951132_6196093972961854217_n.jpg\" class=\"rt-img-responsive \" alt=\"\" \/><\/a><\/div><\/div><div class=\"rt-col-md-3 rt-col-sm-6 rt-col-xs-12 even-grid-item rt-grid-item\" data-id=\"227\"><div class=\"rt-holder\"><div class=\"overlay\"><h3 class=\"entry-title\"><a data-id=\"227\" class=\"\" href=\"https:\/\/collectionbardinet.fr\/?p=227\">1940 : Carnet de Guerre : Note d&rsquo;un soldat dans un carnet Negrita<\/a><\/h3><div class='rt-detail'><div class='tpg-excerpt'>NOTES ECRITES PAR UN SOLDAT DE L\u2019ARMEE FRANCAISE\u00a0 ENTRE LE 10 MAI ET LE 18...<\/div><\/div><\/div> <a data-id='227' class='' href='https:\/\/collectionbardinet.fr\/?p=227'><img loading=\"lazy\" decoding=\"async\" width=\"1920\" height=\"1107\" src=\"https:\/\/collectionbardinet.fr\/wp-content\/uploads\/2023\/07\/20230727_173724-scaled-e1690472981505.jpg\" class=\"rt-img-responsive \" alt=\"\" \/><\/a><\/div><\/div><div class=\"rt-col-md-3 rt-col-sm-6 rt-col-xs-12 even-grid-item rt-grid-item\" data-id=\"628\"><div class=\"rt-holder\"><div class=\"overlay\"><h3 class=\"entry-title\"><a data-id=\"628\" class=\"\" href=\"https:\/\/collectionbardinet.fr\/?p=628\">Qu&rsquo;est ce que le Clissage ?<\/a><\/h3><div class='rt-detail'><div class='tpg-excerpt'>Clissages Disponible en raphia, les clissages mettent en valeur l\u2019image traditionnelle et exotique des alcools...<\/div><\/div><\/div> <a data-id='628' class='' href='https:\/\/collectionbardinet.fr\/?p=628'><img loading=\"lazy\" decoding=\"async\" width=\"966\" height=\"1566\" src=\"https:\/\/collectionbardinet.fr\/wp-content\/uploads\/2024\/03\/Verrerie-domec-et-cie-bordeaux-clissage-et-marasquins.jpg\" class=\"rt-img-responsive \" alt=\"\" \/><\/a><\/div><\/div><div class=\"rt-col-md-3 rt-col-sm-6 rt-col-xs-12 even-grid-item rt-grid-item\" data-id=\"212\"><div class=\"rt-holder\"><div class=\"overlay\"><h3 class=\"entry-title\"><a data-id=\"212\" class=\"\" href=\"https:\/\/collectionbardinet.fr\/?p=212\">1966 : Du th\u00e9 au rhum pour les chauffeurs | Archive INA<\/a><\/h3><div class='rt-detail'><div class='tpg-excerpt'>A Strasbourg par grand froid la Compagnie des Transports Strasbourgeois, soigne ses agents en leur...<\/div><\/div><\/div> <a data-id='212' class='' href='https:\/\/collectionbardinet.fr\/?p=212'><img loading=\"lazy\" decoding=\"async\" width=\"960\" height=\"640\" src=\"https:\/\/collectionbardinet.fr\/wp-content\/uploads\/2023\/07\/ina-960x640-1.jpg\" class=\"rt-img-responsive \" alt=\"\" \/><\/a><\/div><\/div><div class=\"rt-col-md-3 rt-col-sm-6 rt-col-xs-12 even-grid-item rt-grid-item\" data-id=\"104\"><div class=\"rt-holder\"><div class=\"overlay\"><h3 class=\"entry-title\"><a data-id=\"104\" class=\"\" href=\"https:\/\/collectionbardinet.fr\/?p=104\">La pri\u00e8re du rhum &#8211; Martinique<\/a><\/h3><div class='rt-detail'><div class='tpg-excerpt'>La pri\u00e8re du rhum Notre rhum qui est en f\u00fbt, Que ton go\u00fbt soit sanctifi\u00e9...<\/div><\/div><\/div> <a data-id='104' class='' href='https:\/\/collectionbardinet.fr\/?p=104'><img loading=\"lazy\" decoding=\"async\" width=\"270\" height=\"351\" src=\"https:\/\/collectionbardinet.fr\/wp-content\/uploads\/2023\/07\/plaque-en-metal-rhum.jpg\" class=\"rt-img-responsive \" alt=\"\" \/><\/a><\/div><\/div><div class=\"rt-col-md-3 rt-col-sm-6 rt-col-xs-12 even-grid-item rt-grid-item\" data-id=\"96\"><div class=\"rt-holder\"><div class=\"overlay\"><h3 class=\"entry-title\"><a data-id=\"96\" class=\"\" href=\"https:\/\/collectionbardinet.fr\/?p=96\">1970 &#8211; Donne du Rhum \u00e0 ton Homme<\/a><\/h3><div class='rt-detail'><div class='tpg-excerpt'>Donne du Rhum \u00e0 ton Homme &nbsp; Donne du Rhum \u00e0 ton Homme Georges Moustakii...<\/div><\/div><\/div> <a data-id='96' class='' href='https:\/\/collectionbardinet.fr\/?p=96'><img loading=\"lazy\" decoding=\"async\" width=\"781\" height=\"1000\" src=\"https:\/\/collectionbardinet.fr\/wp-content\/uploads\/2023\/07\/51qQmM7n1kL._AC_UF10001000_QL80_.jpg\" class=\"rt-img-responsive \" alt=\"\" \/><\/a><\/div><\/div><\/div><\/div>\n","protected":false},"excerpt":{"rendered":"","protected":false},"author":1,"featured_media":224,"parent":0,"menu_order":5,"comment_status":"closed","ping_status":"closed","template":"","meta":{"_acf_changed":false,"_crdt_document":"","advgb_blocks_editor_width":"","advgb_blocks_columns_visual_guide":"","footnotes":""},"categories":[],"tags":[],"class_list":["post-2027","page","type-page","status-publish","has-post-thumbnail","hentry"],"acf":[],"coauthors":[],"author_meta":{"author_link":"https:\/\/collectionbardinet.fr\/?author=1","display_name":"Xavier P."},"relative_dates":{"created":"Publi\u00e9 8 mois il y a","modified":"Mis \u00e0 jour 8 mois il y a"},"absolute_dates":{"created":"Publi\u00e9 le 10 ao\u00fbt 2025","modified":"Mise \u00e0 jour le 31 ao\u00fbt 2025"},"absolute_dates_time":{"created":"Publi\u00e9 le 10 ao\u00fbt 2025 18h48","modified":"Mise \u00e0 jour le 31 ao\u00fbt 2025 23h25"},"featured_img_caption":"Ann\u00e9es 30 ...","featured_img":"https:\/\/collectionbardinet.fr\/wp-content\/uploads\/2023\/07\/215519910_322136702951132_6196093972961854217_n.jpg","series_order":"","rttpg_featured_image_url":{"full":["https:\/\/collectionbardinet.fr\/wp-content\/uploads\/2023\/07\/215519910_322136702951132_6196093972961854217_n.jpg",1440,896,false],"landscape":["https:\/\/collectionbardinet.fr\/wp-content\/uploads\/2023\/07\/215519910_322136702951132_6196093972961854217_n.jpg",1440,896,false],"portraits":["https:\/\/collectionbardinet.fr\/wp-content\/uploads\/2023\/07\/215519910_322136702951132_6196093972961854217_n.jpg",1440,896,false],"thumbnail":["https:\/\/collectionbardinet.fr\/wp-content\/uploads\/2023\/07\/215519910_322136702951132_6196093972961854217_n-150x150.jpg",150,150,true],"medium":["https:\/\/collectionbardinet.fr\/wp-content\/uploads\/2023\/07\/215519910_322136702951132_6196093972961854217_n-300x187.jpg",300,187,true],"large":["https:\/\/collectionbardinet.fr\/wp-content\/uploads\/2023\/07\/215519910_322136702951132_6196093972961854217_n-1024x637.jpg",950,591,true],"1536x1536":["https:\/\/collectionbardinet.fr\/wp-content\/uploads\/2023\/07\/215519910_322136702951132_6196093972961854217_n.jpg",1440,896,false],"2048x2048":["https:\/\/collectionbardinet.fr\/wp-content\/uploads\/2023\/07\/215519910_322136702951132_6196093972961854217_n.jpg",1440,896,false],"inspiro-featured-image":["https:\/\/collectionbardinet.fr\/wp-content\/uploads\/2023\/07\/215519910_322136702951132_6196093972961854217_n.jpg",1440,896,false],"inspiro-loop":["https:\/\/collectionbardinet.fr\/wp-content\/uploads\/2023\/07\/215519910_322136702951132_6196093972961854217_n-950x320.jpg",950,320,true],"inspiro-loop@2x":["https:\/\/collectionbardinet.fr\/wp-content\/uploads\/2023\/07\/215519910_322136702951132_6196093972961854217_n-1440x640.jpg",1440,640,true]},"rttpg_author":{"display_name":"Xavier P.","author_link":"https:\/\/collectionbardinet.fr\/?author=1"},"rttpg_comment":0,"rttpg_category":"Non class\u00e9","rttpg_excerpt":null,"_links":{"self":[{"href":"https:\/\/collectionbardinet.fr\/index.php?rest_route=\/wp\/v2\/pages\/2027","targetHints":{"allow":["GET"]}}],"collection":[{"href":"https:\/\/collectionbardinet.fr\/index.php?rest_route=\/wp\/v2\/pages"}],"about":[{"href":"https:\/\/collectionbardinet.fr\/index.php?rest_route=\/wp\/v2\/types\/page"}],"author":[{"embeddable":true,"href":"https:\/\/collectionbardinet.fr\/index.php?rest_route=\/wp\/v2\/users\/1"}],"replies":[{"embeddable":true,"href":"https:\/\/collectionbardinet.fr\/index.php?rest_route=%2Fwp%2Fv2%2Fcomments&post=2027"}],"version-history":[{"count":1,"href":"https:\/\/collectionbardinet.fr\/index.php?rest_route=\/wp\/v2\/pages\/2027\/revisions"}],"predecessor-version":[{"id":2028,"href":"https:\/\/collectionbardinet.fr\/index.php?rest_route=\/wp\/v2\/pages\/2027\/revisions\/2028"}],"wp:featuredmedia":[{"embeddable":true,"href":"https:\/\/collectionbardinet.fr\/index.php?rest_route=\/wp\/v2\/media\/224"}],"wp:attachment":[{"href":"https:\/\/collectionbardinet.fr\/index.php?rest_route=%2Fwp%2Fv2%2Fmedia&parent=2027"}],"wp:term":[{"taxonomy":"category","embeddable":true,"href":"https:\/\/collectionbardinet.fr\/index.php?rest_route=%2Fwp%2Fv2%2Fcategories&post=2027"},{"taxonomy":"post_tag","embeddable":true,"href":"https:\/\/collectionbardinet.fr\/index.php?rest_route=%2Fwp%2Fv2%2Ftags&post=2027"}],"curies":[{"name":"wp","href":"https:\/\/api.w.org\/{rel}","templated":true}]}}