{"id":2020,"date":"2025-08-10T18:24:50","date_gmt":"2025-08-10T16:24:50","guid":{"rendered":"https:\/\/collectionbardinet.fr\/?page_id=2020"},"modified":"2025-08-18T12:43:40","modified_gmt":"2025-08-18T10:43:40","slug":"saga-familiale","status":"publish","type":"page","link":"https:\/\/collectionbardinet.fr\/?page_id=2020","title":{"rendered":"Saga Familiale"},"content":{"rendered":"<style type='text\/css' media='all'>#rt-tpg-container-2107052579 .rt-holder .rt-woo-info .price{color:#dd3333;}body .rt-tpg-container .rt-tpg-isotope-buttons .selected,\n\t\t\t\t\t#rt-tpg-container-2107052579 .layout12 .rt-holder:hover .rt-detail,\n\t\t\t\t\t#rt-tpg-container-2107052579 .isotope8 .rt-holder:hover .rt-detail,\n\t\t\t\t\t#rt-tpg-container-2107052579 .carousel8 .rt-holder:hover .rt-detail,\n\t\t\t\t\t#rt-tpg-container-2107052579 .layout13 .rt-holder .overlay .post-info,\n\t\t\t\t\t#rt-tpg-container-2107052579 .isotope9 .rt-holder .overlay .post-info,\n\t\t\t\t\t#rt-tpg-container-2107052579.rt-tpg-container .layout4 .rt-holder .rt-detail,\n\t\t\t\t\t.rt-modal-2107052579 .md-content,\n\t\t\t\t\t.rt-modal-2107052579 .md-content > .rt-md-content-holder .rt-md-content,\n\t\t\t\t\t.rt-popup-wrap-2107052579.rt-popup-wrap .rt-popup-navigation-wrap,\n\t\t\t\t\t#rt-tpg-container-2107052579 .carousel9 .rt-holder .overlay .post-info{background-color:#dd3333;}#rt-tpg-container-2107052579 .layout5 .rt-holder .overlay, #rt-tpg-container-2107052579 .isotope2 .rt-holder .overlay, #rt-tpg-container-2107052579 .carousel2 .rt-holder .overlay,#rt-tpg-container-2107052579 .layout15 .rt-holder h3, #rt-tpg-container-2107052579 .isotope11 .rt-holder h3, #rt-tpg-container-2107052579 .carousel11 .rt-holder h3, #rt-tpg-container-2107052579 .layout16 .rt-holder h3,\n\t\t\t\t\t#rt-tpg-container-2107052579 .isotope12 .rt-holder h3, #rt-tpg-container-2107052579 .carousel12 .rt-holder h3 {background-color:rgba(221,51,51,0.8);}#rt-tpg-container-2107052579 .read-more a{border-radius:px;}#rt-tpg-container-2107052579 .rt-img-holder img.rt-img-responsive,#rt-tpg-container-2107052579 .rt-img-holder,\n\t\t\t\t\t#rt-tpg-container-2107052579 .rt-post-overlay .post-img,\n\t\t\t\t\t#rt-tpg-container-2107052579 .post-sm .post-img,\n\t\t\t\t\t#rt-tpg-container-2107052579 .rt-post-grid .post-img,\n\t\t\t\t\t#rt-tpg-container-2107052579 .post-img img {border-radius:px;}<\/style><div class='rt-container-fluid rt-tpg-container tpg-shortcode-main-wrapper ' id='rt-tpg-container-2107052579'   data-layout='layout5' data-grid-style='even' data-desktop-col='4'  data-tab-col='3'  data-mobile-col='1' data-sc-id='2018'><div class=\"tpg-widget-heading-wrapper heading-style1 center\"><span class=\"tpg-widget-heading-line line-left\"><\/span><h6 class=\"tpg-widget-heading\">Saga Familiale<\/h6><span class=\"tpg-widget-heading-line\"><\/span><\/div><div id=\"bottom-script-loader\" class=\"bottom-script-loader\"><div class=\"rt-ball-clip-rotate\"><div><\/div><\/div><\/div><div data-title='Loading ...' class='rt-row rt-content-loader   layout5 tpg-even '><div class=\"rt-col-md-3 rt-col-sm-4 rt-col-xs-12 even-grid-item rt-grid-item\" data-id=\"2013\"><div class=\"rt-holder\"><div class=\"overlay\"><h3 class=\"entry-title\"><a data-id=\"2013\" class=\"\" href=\"https:\/\/collectionbardinet.fr\/?p=2013\">Manifeste de ma collection : \u00ab\u00a0Derri\u00e8re le sourire de Negrita : Ce que raconte une ic\u00f4ne\u00a0\u00bb<\/a><\/h3><div class='rt-detail'><div class='tpg-excerpt'>Derri\u00e8re le sourire de Negrita : Ce que raconte une ic\u00f4ne Le nom de Bardinet...<\/div><\/div><\/div> <a data-id='2013' class='' href='https:\/\/collectionbardinet.fr\/?p=2013'><img loading=\"lazy\" decoding=\"async\" width=\"1134\" height=\"1137\" src=\"https:\/\/collectionbardinet.fr\/wp-content\/uploads\/2023\/07\/PLV-bardinet-Negrita-2.png\" class=\"rt-img-responsive \" alt=\"\" \/><\/a><\/div><\/div><div class=\"rt-col-md-3 rt-col-sm-4 rt-col-xs-12 even-grid-item rt-grid-item\" data-id=\"1\"><div class=\"rt-holder\"><div class=\"overlay\"><h3 class=\"entry-title\"><a data-id=\"1\" class=\"\" href=\"https:\/\/collectionbardinet.fr\/?p=1\">1857 : Tout est parti de Limoges<\/a><\/h3><div class='rt-detail'><div class='tpg-excerpt'>1884 : Dans sa distillerie install\u00e9e depuis 1857 au c\u0153ur de la ville, Paul Bardinet...<\/div><\/div><\/div> <a data-id='1' class='' href='https:\/\/collectionbardinet.fr\/?p=1'><img loading=\"lazy\" decoding=\"async\" width=\"519\" height=\"343\" src=\"https:\/\/collectionbardinet.fr\/wp-content\/uploads\/2023\/07\/Photos-de-famille-archives-limoges-.png\" class=\"rt-img-responsive \" alt=\"\" \/><\/a><\/div><\/div><div class=\"rt-col-md-3 rt-col-sm-4 rt-col-xs-12 even-grid-item rt-grid-item\" data-id=\"446\"><div class=\"rt-holder\"><div class=\"overlay\"><h3 class=\"entry-title\"><a data-id=\"446\" class=\"\" href=\"https:\/\/collectionbardinet.fr\/?p=446\">XIX\u00b0 &#038; XX\u00b0S : BARDINET &#8211; Les patrons du Second Empire<\/a><\/h3><div class='rt-detail'><div class='tpg-excerpt'>Extrait de : BORDEAUX ET LA GIRONDE &#8211; Les patrons du Second Empire &#8211; Hubert...<\/div><\/div><\/div> <a data-id='446' class='' href='https:\/\/collectionbardinet.fr\/?p=446'><img loading=\"lazy\" decoding=\"async\" width=\"333\" height=\"500\" src=\"https:\/\/collectionbardinet.fr\/wp-content\/uploads\/2023\/08\/9782708405608-475x500-1.webp\" class=\"rt-img-responsive \" alt=\"\" \/><\/a><\/div><\/div><div class=\"rt-col-md-3 rt-col-sm-4 rt-col-xs-12 even-grid-item rt-grid-item\" data-id=\"2077\"><div class=\"rt-holder\"><div class=\"overlay\"><h3 class=\"entry-title\"><a data-id=\"2077\" class=\"\" href=\"https:\/\/collectionbardinet.fr\/?p=2077\">1906 &#8211; Montjon Le Gravier devient la maison de famille<\/a><\/h3><div class='rt-detail'><div class='tpg-excerpt'>Situ\u00e9 pr\u00e8s du bourg de Ste Eulalie, le ch\u00e2teau Montjon le Gravier fut construit au...<\/div><\/div><\/div> <a data-id='2077' class='' href='https:\/\/collectionbardinet.fr\/?p=2077'><img loading=\"lazy\" decoding=\"async\" width=\"1000\" height=\"834\" src=\"https:\/\/collectionbardinet.fr\/wp-content\/uploads\/2025\/08\/P-6-067857a.jpg\" class=\"rt-img-responsive \" alt=\"\" \/><\/a><\/div><\/div><div class=\"rt-col-md-3 rt-col-sm-4 rt-col-xs-12 even-grid-item rt-grid-item\" data-id=\"462\"><div class=\"rt-holder\"><div class=\"overlay\"><h3 class=\"entry-title\"><a data-id=\"462\" class=\"\" href=\"https:\/\/collectionbardinet.fr\/?p=462\">Montjon le gravier : Photos de Famille<\/a><\/h3><div class='rt-detail'><div class='tpg-excerpt'>Sir Edward and his Smala \u2013 Mars 1914 Photo revisit\u00e9e pour l&rsquo;affiche de la cousinade...<\/div><\/div><\/div> <a data-id='462' class='' href='https:\/\/collectionbardinet.fr\/?p=462'><img loading=\"lazy\" decoding=\"async\" width=\"2560\" height=\"1753\" src=\"https:\/\/collectionbardinet.fr\/wp-content\/uploads\/2023\/07\/Sir-Edouard-with-his-smala-Mars-1914-2-scaled-1.jpeg\" class=\"rt-img-responsive \" alt=\"\" \/><\/a><\/div><\/div><div class=\"rt-col-md-3 rt-col-sm-4 rt-col-xs-12 even-grid-item rt-grid-item\" data-id=\"2128\"><div class=\"rt-holder\"><div class=\"overlay\"><h3 class=\"entry-title\"><a data-id=\"2128\" class=\"\" href=\"https:\/\/collectionbardinet.fr\/?p=2128\">1912 : Jean Barennes, l&rsquo;Archiviste devenu Capitaine d&rsquo;Industrie<\/a><\/h3><div class='rt-detail'><div class='tpg-excerpt'>(Note\u00a0 : Le texte qui suit est une synth\u00e8se et une adaptation d&rsquo;un travail de...<\/div><\/div><\/div> <a data-id='2128' class='' href='https:\/\/collectionbardinet.fr\/?p=2128'><img loading=\"lazy\" decoding=\"async\" width=\"1200\" height=\"540\" src=\"https:\/\/collectionbardinet.fr\/wp-content\/uploads\/2023\/07\/41.jpg\" class=\"rt-img-responsive \" alt=\"\" \/><\/a><\/div><\/div><div class=\"rt-col-md-3 rt-col-sm-4 rt-col-xs-12 even-grid-item rt-grid-item\" data-id=\"613\"><div class=\"rt-holder\"><div class=\"overlay\"><h3 class=\"entry-title\"><a data-id=\"613\" class=\"\" href=\"https:\/\/collectionbardinet.fr\/?p=613\">1923, 22 Septembre &#8211; Edouard Bardinet recoit la l\u00e9gion d&rsquo;honneur<\/a><\/h3><div class='rt-detail'><div class='tpg-excerpt'>Le proc\u00e8s Verbal : (extrait du dossier complet ci dessous) Le document compte rendu r\u00e9alis\u00e9...<\/div><\/div><\/div> <a data-id='613' class='' href='https:\/\/collectionbardinet.fr\/?p=613'><img loading=\"lazy\" decoding=\"async\" width=\"1057\" height=\"1920\" src=\"https:\/\/collectionbardinet.fr\/wp-content\/uploads\/2024\/02\/Chevalier_1870.jpg\" class=\"rt-img-responsive \" alt=\"\" \/><\/a><\/div><\/div><div class=\"rt-col-md-3 rt-col-sm-4 rt-col-xs-12 even-grid-item rt-grid-item\" data-id=\"249\"><div class=\"rt-holder\"><div class=\"overlay\"><h3 class=\"entry-title\"><a data-id=\"249\" class=\"\" href=\"https:\/\/collectionbardinet.fr\/?p=249\">1930 : Qui se cache derri\u00e8re l&rsquo;\u00e9g\u00e9rie du vin Salambo ?<\/a><\/h3><div class='rt-detail'><div class='tpg-excerpt'>C&rsquo;est un visage familial qui serait l&rsquo;inspiration de cette superbe plaque m\u00e9tallique, \u00e0 la gloire...<\/div><\/div><\/div> <a data-id='249' class='' href='https:\/\/collectionbardinet.fr\/?p=249'><img loading=\"lazy\" decoding=\"async\" width=\"878\" height=\"1024\" src=\"https:\/\/collectionbardinet.fr\/wp-content\/uploads\/2023\/07\/IMG_9814.jpg\" class=\"rt-img-responsive \" alt=\"\" \/><\/a><\/div><\/div><div class=\"rt-col-md-3 rt-col-sm-4 rt-col-xs-12 even-grid-item rt-grid-item\" data-id=\"112\"><div class=\"rt-holder\"><div class=\"overlay\"><h3 class=\"entry-title\"><a data-id=\"112\" class=\"\" href=\"https:\/\/collectionbardinet.fr\/?p=112\">2023 : \u00c9douard Bardinet. L&rsquo;homme qui fit entrer le rhum dans toutes les cuisines<\/a><\/h3><div class='rt-detail'><div class='tpg-excerpt'>L&rsquo;homme qui fit entrer le rhum dans toutes les cuisines de Nicolas Bardinet 1857, Paul...<\/div><\/div><\/div> <a data-id='112' class='' href='https:\/\/collectionbardinet.fr\/?p=112'><img loading=\"lazy\" decoding=\"async\" width=\"688\" height=\"1000\" src=\"https:\/\/collectionbardinet.fr\/wp-content\/uploads\/2023\/07\/81BO4v-GdhL._AC_UF10001000_QL80_.jpg\" class=\"rt-img-responsive \" alt=\"\" \/><\/a><\/div><\/div><div class=\"rt-col-md-3 rt-col-sm-4 rt-col-xs-12 even-grid-item rt-grid-item\" data-id=\"2075\"><div class=\"rt-holder\"><div class=\"overlay\"><h3 class=\"entry-title\"><a data-id=\"2075\" class=\"\" href=\"https:\/\/collectionbardinet.fr\/?p=2075\">26 Aout 2023 : Cousinade \u00e0 Yvrac<\/a><\/h3><div class='rt-detail'><div class='tpg-excerpt'>Article du Sud Ouest \u00e9dition Gironde le 26 Aout 2023 Titre : \u201cJe n\u2019avais jamais...<\/div><\/div><\/div> <a data-id='2075' class='' href='https:\/\/collectionbardinet.fr\/?p=2075'><img loading=\"lazy\" decoding=\"async\" width=\"1920\" height=\"1230\" src=\"https:\/\/collectionbardinet.fr\/wp-content\/uploads\/2025\/08\/481239701_2136540413444138_8402547345158638847_n-e1755104462281.jpg\" class=\"rt-img-responsive \" alt=\"\" \/><\/a><\/div><\/div><div class=\"rt-col-md-3 rt-col-sm-4 rt-col-xs-12 even-grid-item rt-grid-item\" data-id=\"598\"><div class=\"rt-holder\"><div class=\"overlay\"><h3 class=\"entry-title\"><a data-id=\"598\" class=\"\" href=\"https:\/\/collectionbardinet.fr\/?p=598\">A propos d&rsquo;autres \u00ab\u00a0Bardinet\u00a0\u00bb celebres<\/a><\/h3><div class='rt-detail'><div class='tpg-excerpt'>Thomas Bardinet Fils de Dominique Bardinet &amp; Marielle Durif, n\u00e9 le 12 janvier 1965 \u00e0...<\/div><\/div><\/div> <a data-id='598' class='' href='https:\/\/collectionbardinet.fr\/?p=598'><img loading=\"lazy\" decoding=\"async\" width=\"648\" height=\"350\" src=\"https:\/\/collectionbardinet.fr\/wp-content\/uploads\/2024\/01\/hollywood-walk-of-fame-hollywood-and-vicinity-hollywood-los-angeles-california-usa_main.jpg\" class=\"rt-img-responsive \" alt=\"\" \/><\/a><\/div><\/div><\/div><\/div>\n","protected":false},"excerpt":{"rendered":"","protected":false},"author":1,"featured_media":2114,"parent":0,"menu_order":6,"comment_status":"closed","ping_status":"closed","template":"","meta":{"_acf_changed":false,"_crdt_document":"","advgb_blocks_editor_width":"","advgb_blocks_columns_visual_guide":"","footnotes":""},"categories":[],"tags":[],"class_list":["post-2020","page","type-page","status-publish","has-post-thumbnail","hentry"],"acf":[],"coauthors":[],"author_meta":{"author_link":"https:\/\/collectionbardinet.fr\/?author=1","display_name":"Xavier P."},"relative_dates":{"created":"Publi\u00e9 8 mois il y a","modified":"Mis \u00e0 jour 8 mois il y a"},"absolute_dates":{"created":"Publi\u00e9 le 10 ao\u00fbt 2025","modified":"Mise \u00e0 jour le 18 ao\u00fbt 2025"},"absolute_dates_time":{"created":"Publi\u00e9 le 10 ao\u00fbt 2025 18h24","modified":"Mise \u00e0 jour le 18 ao\u00fbt 2025 12h43"},"featured_img_caption":"","featured_img":"https:\/\/collectionbardinet.fr\/wp-content\/uploads\/2023\/08\/Bordeaux-mariages010-1.jpg","series_order":"","rttpg_featured_image_url":{"full":["https:\/\/collectionbardinet.fr\/wp-content\/uploads\/2023\/08\/Bordeaux-mariages010-1.jpg",1920,1334,false],"landscape":["https:\/\/collectionbardinet.fr\/wp-content\/uploads\/2023\/08\/Bordeaux-mariages010-1.jpg",1920,1334,false],"portraits":["https:\/\/collectionbardinet.fr\/wp-content\/uploads\/2023\/08\/Bordeaux-mariages010-1.jpg",1920,1334,false],"thumbnail":["https:\/\/collectionbardinet.fr\/wp-content\/uploads\/2023\/08\/Bordeaux-mariages010-1-150x150.jpg",150,150,true],"medium":["https:\/\/collectionbardinet.fr\/wp-content\/uploads\/2023\/08\/Bordeaux-mariages010-1-300x208.jpg",300,208,true],"large":["https:\/\/collectionbardinet.fr\/wp-content\/uploads\/2023\/08\/Bordeaux-mariages010-1-1024x711.jpg",950,660,true],"1536x1536":["https:\/\/collectionbardinet.fr\/wp-content\/uploads\/2023\/08\/Bordeaux-mariages010-1-1536x1067.jpg",1536,1067,true],"2048x2048":["https:\/\/collectionbardinet.fr\/wp-content\/uploads\/2023\/08\/Bordeaux-mariages010-1.jpg",1920,1334,false],"inspiro-featured-image":["https:\/\/collectionbardinet.fr\/wp-content\/uploads\/2023\/08\/Bordeaux-mariages010-1.jpg",1920,1334,false],"inspiro-loop":["https:\/\/collectionbardinet.fr\/wp-content\/uploads\/2023\/08\/Bordeaux-mariages010-1-950x320.jpg",950,320,true],"inspiro-loop@2x":["https:\/\/collectionbardinet.fr\/wp-content\/uploads\/2023\/08\/Bordeaux-mariages010-1-1900x640.jpg",1900,640,true]},"rttpg_author":{"display_name":"Xavier P.","author_link":"https:\/\/collectionbardinet.fr\/?author=1"},"rttpg_comment":0,"rttpg_category":"Non class\u00e9","rttpg_excerpt":null,"_links":{"self":[{"href":"https:\/\/collectionbardinet.fr\/index.php?rest_route=\/wp\/v2\/pages\/2020","targetHints":{"allow":["GET"]}}],"collection":[{"href":"https:\/\/collectionbardinet.fr\/index.php?rest_route=\/wp\/v2\/pages"}],"about":[{"href":"https:\/\/collectionbardinet.fr\/index.php?rest_route=\/wp\/v2\/types\/page"}],"author":[{"embeddable":true,"href":"https:\/\/collectionbardinet.fr\/index.php?rest_route=\/wp\/v2\/users\/1"}],"replies":[{"embeddable":true,"href":"https:\/\/collectionbardinet.fr\/index.php?rest_route=%2Fwp%2Fv2%2Fcomments&post=2020"}],"version-history":[{"count":1,"href":"https:\/\/collectionbardinet.fr\/index.php?rest_route=\/wp\/v2\/pages\/2020\/revisions"}],"predecessor-version":[{"id":2021,"href":"https:\/\/collectionbardinet.fr\/index.php?rest_route=\/wp\/v2\/pages\/2020\/revisions\/2021"}],"wp:featuredmedia":[{"embeddable":true,"href":"https:\/\/collectionbardinet.fr\/index.php?rest_route=\/wp\/v2\/media\/2114"}],"wp:attachment":[{"href":"https:\/\/collectionbardinet.fr\/index.php?rest_route=%2Fwp%2Fv2%2Fmedia&parent=2020"}],"wp:term":[{"taxonomy":"category","embeddable":true,"href":"https:\/\/collectionbardinet.fr\/index.php?rest_route=%2Fwp%2Fv2%2Fcategories&post=2020"},{"taxonomy":"post_tag","embeddable":true,"href":"https:\/\/collectionbardinet.fr\/index.php?rest_route=%2Fwp%2Fv2%2Ftags&post=2020"}],"curies":[{"name":"wp","href":"https:\/\/api.w.org\/{rel}","templated":true}]}}