{"id":14,"date":"2023-07-23T18:08:36","date_gmt":"2023-07-23T16:08:36","guid":{"rendered":"http:\/\/collectionbardinet.fr\/?page_id=14"},"modified":"2025-09-07T17:37:57","modified_gmt":"2025-09-07T15:37:57","slug":"collection","status":"publish","type":"page","link":"https:\/\/collectionbardinet.fr\/","title":{"rendered":"Bienvenue !!!"},"content":{"rendered":"<div class=\"wp-block-columns\">\n<div class=\"wp-block-column is-vertically-aligned-center\" style=\"flex-basis: 33.33%;\">\n<figure class=\"wp-block-image size-medium is-resized\"><img loading=\"lazy\" decoding=\"async\" class=\"wp-image-354 alignleft\" src=\"https:\/\/collectionbardinet.fr\/wp-content\/uploads\/2023\/08\/20230727_184513-282x300.png\" alt=\"\" width=\"218\" height=\"232\" srcset=\"https:\/\/collectionbardinet.fr\/wp-content\/uploads\/2023\/08\/20230727_184513-282x300.png 282w, https:\/\/collectionbardinet.fr\/wp-content\/uploads\/2023\/08\/20230727_184513-963x1024.png 963w, https:\/\/collectionbardinet.fr\/wp-content\/uploads\/2023\/08\/20230727_184513-768x817.png 768w, https:\/\/collectionbardinet.fr\/wp-content\/uploads\/2023\/08\/20230727_184513-1444x1536.png 1444w, https:\/\/collectionbardinet.fr\/wp-content\/uploads\/2023\/08\/20230727_184513-1926x2048.png 1926w, https:\/\/collectionbardinet.fr\/wp-content\/uploads\/2023\/08\/20230727_184513.png 1805w\" sizes=\"auto, (max-width: 218px) 100vw, 218px\" \/><\/figure>\n<\/div>\n<div class=\"wp-block-column is-vertically-aligned-center\" style=\"flex-basis: 66.66%;\">\n<h2 class=\"wp-block-heading\">L\u2019H\u00e9ritage Bardinet : Une collection, une histoire familiale<\/h2>\n<p>Bienvenue. Ce site est le fruit d\u2019une passion n\u00e9e \u00e0 l\u2019adolescence, lorsque j\u2019ai h\u00e9rit\u00e9 de quelques parts de l\u2019entreprise qui appartenaient \u00e0 mon arri\u00e8re-grand-m\u00e8re, Michelle Barennes, fille d\u2019Edouard Bardinet. Cet h\u00e9ritage a \u00e9t\u00e9 le point de d\u00e9part d\u2019une qu\u00eate personnelle, en hommage \u00e0 mon grand-p\u00e8re Fran\u00e7ois Barennes que je n\u2019ai jamais connu, et \u00e0 toute la branche familiale qui a contribu\u00e9 \u00e0 cette saga industrielle.<\/p>\n<p>De 1857 \u00e0 la cession au groupe \u00ab\u00a0La Martiniquaise\u00a0\u00bb en 1993, ce site retrace \u00e0 travers plus de 450 objets la m\u00e9moire de la marque et son \u00e9volution. C\u2019est une d\u00e9marche personnelle, ind\u00e9pendante, pour partager avec vous cette histoire fascinante.<\/p>\n<\/div>\n<\/div>\n<h2><span style=\"font-size: 18pt;\"><strong style=\"color: #333333;\">\u00ab Derri\u00e8re le sourire de Negrita : Ce que raconte une ic\u00f4ne \u00bb<\/strong><\/span><\/h2>\n<div class=\"wp-block-columns\">\n<div class=\"wp-block-column is-vertically-aligned-center\" style=\"flex-basis: 66.66%;\">\n<div class=\"wp-block-columns\">\n<div class=\"wp-block-column\" style=\"flex-basis: 66.66%;\">\n<p>Cet article, sous forme de manifeste, explore en profondeur l\u2019histoire de la marque, son contexte social et colonial, et le lien personnel qui m\u2019unit \u00e0 cet h\u00e9ritage. Une lecture essentielle pour comprendre pourquoi cette collection.<\/p>\n<div class=\"wp-block-buttons\">\n<div class=\"wp-block-button\"><a class=\"wp-block-button__link has-white-color has-vivid-red-background-color has-text-color has-background wp-element-button\" href=\"https:\/\/collectionbardinet.fr\/?p=2013\">Lire l\u2019article<\/a><\/div>\n<\/div>\n<\/div>\n<div class=\"wp-block-column\" style=\"flex-basis: 33.33%;\">\n<figure class=\"wp-block-image size-medium is-resized\"><img loading=\"lazy\" decoding=\"async\" class=\"alignnone wp-image-2014\" src=\"https:\/\/collectionbardinet.fr\/wp-content\/uploads\/2023\/07\/PLV-bardinet-Negrita-2.png\" alt=\"\" width=\"193\" height=\"193\" \/><\/figure>\n<\/div>\n<\/div>\n<\/div>\n<\/div>\n<div aria-hidden=\"true\"><\/div>\n<div aria-hidden=\"true\"><\/div>\n<div aria-hidden=\"true\"><\/div>\n<div aria-hidden=\"true\"><\/div>\n<div aria-hidden=\"true\"><span style=\"font-size: 1rem;\"><style type='text\/css' media='all'>#rt-tpg-container-516959334 .rt-holder .rt-woo-info .price{color:#fdb813;}body .rt-tpg-container .rt-tpg-isotope-buttons .selected,\n\t\t\t\t\t#rt-tpg-container-516959334 .layout12 .rt-holder:hover .rt-detail,\n\t\t\t\t\t#rt-tpg-container-516959334 .isotope8 .rt-holder:hover .rt-detail,\n\t\t\t\t\t#rt-tpg-container-516959334 .carousel8 .rt-holder:hover .rt-detail,\n\t\t\t\t\t#rt-tpg-container-516959334 .layout13 .rt-holder .overlay .post-info,\n\t\t\t\t\t#rt-tpg-container-516959334 .isotope9 .rt-holder .overlay .post-info,\n\t\t\t\t\t#rt-tpg-container-516959334.rt-tpg-container .layout4 .rt-holder .rt-detail,\n\t\t\t\t\t.rt-modal-516959334 .md-content,\n\t\t\t\t\t.rt-modal-516959334 .md-content > .rt-md-content-holder .rt-md-content,\n\t\t\t\t\t.rt-popup-wrap-516959334.rt-popup-wrap .rt-popup-navigation-wrap,\n\t\t\t\t\t#rt-tpg-container-516959334 .carousel9 .rt-holder .overlay .post-info{background-color:#fdb813;}#rt-tpg-container-516959334 .layout5 .rt-holder .overlay, #rt-tpg-container-516959334 .isotope2 .rt-holder .overlay, #rt-tpg-container-516959334 .carousel2 .rt-holder .overlay,#rt-tpg-container-516959334 .layout15 .rt-holder h3, #rt-tpg-container-516959334 .isotope11 .rt-holder h3, #rt-tpg-container-516959334 .carousel11 .rt-holder h3, #rt-tpg-container-516959334 .layout16 .rt-holder h3,\n\t\t\t\t\t#rt-tpg-container-516959334 .isotope12 .rt-holder h3, #rt-tpg-container-516959334 .carousel12 .rt-holder h3 {background-color:rgba(253,184,19,0.8);}#rt-tpg-container-516959334 .read-more a{border-radius:px;}#rt-tpg-container-516959334 .rt-img-holder img.rt-img-responsive,#rt-tpg-container-516959334 .rt-img-holder,\n\t\t\t\t\t#rt-tpg-container-516959334 .rt-post-overlay .post-img,\n\t\t\t\t\t#rt-tpg-container-516959334 .post-sm .post-img,\n\t\t\t\t\t#rt-tpg-container-516959334 .rt-post-grid .post-img,\n\t\t\t\t\t#rt-tpg-container-516959334 .post-img img {border-radius:px;}#rt-tpg-container-516959334 .layout5 .rt-holder h2.entry-title,\n\t\t\t\t\t#rt-tpg-container-516959334 .layout5 .rt-holder h3.entry-title,\n\t\t\t\t\t#rt-tpg-container-516959334 .layout5 .rt-holder h4.entry-title,\n\t\t\t\t\t#rt-tpg-container-516959334 .layout5 .rt-holder h2.entry-title a,\n\t\t\t\t\t#rt-tpg-container-516959334 .layout5 .rt-holder h3.entry-title a,\n\t\t\t\t\t#rt-tpg-container-516959334 .layout5 .rt-holder h4.entry-title a,\n\t\t\t\t\t#rt-tpg-container-516959334 .rt-holder .rt-woo-info h2 a,\n\t\t\t\t\t#rt-tpg-container-516959334 .rt-holder .rt-woo-info h3 a,\n\t\t\t\t\t#rt-tpg-container-516959334 .rt-holder .rt-woo-info h4 a,\n\t\t\t\t\t#rt-tpg-container-516959334 .post-content .post-title,\n\t\t\t\t\t#rt-tpg-container-516959334 .rt-post-grid .post-title,\n\t\t\t\t\t#rt-tpg-container-516959334 .rt-post-grid .post-title a,\n\t\t\t\t\t#rt-tpg-container-516959334 .post-content .post-title a,\n\t\t\t\t\t#rt-tpg-container-516959334 .rt-holder .rt-woo-info h2,\n\t\t\t\t\t#rt-tpg-container-516959334 .rt-holder .rt-woo-info h3,\n\t\t\t\t\t#rt-tpg-container-516959334 .rt-holder .rt-woo-info h4{color:#00205b;font-size:24px;line-height:34px;text-align:center;}#rt-tpg-container-516959334 .post-grid-lg-style-1 .post-title,\n\t\t\t\t\t\t#rt-tpg-container-516959334 .post-grid-lg-style-1 .post-title a,\n\t\t\t\t\t\t#rt-tpg-container-516959334 .big-layout .post-title,\n\t\t\t\t\t\t#rt-tpg-container-516959334 .big-layout .post-title a,\n\t\t\t\t\t\t#rt-tpg-container-516959334 .post-grid-lg-style-1 .post-title,\n\t\t\t\t\t\t#rt-tpg-container-516959334 .post-grid-lg-style-1 .post-title a {font-size:32px;line-height:42px;}<\/style><div class='rt-container-fluid rt-tpg-container tpg-shortcode-main-wrapper ' id='rt-tpg-container-516959334'   data-layout='layout5' data-grid-style='even' data-desktop-col='3'  data-tab-col='3'  data-mobile-col='1' data-sc-id='2149'><div id=\"bottom-script-loader\" class=\"bottom-script-loader\"><div class=\"rt-ball-clip-rotate\"><div><\/div><\/div><\/div><div data-title='Loading ...' class='rt-row rt-content-loader   layout5 tpg-even '><div class=\"rt-col-md-4 rt-col-sm-4 rt-col-xs-12 even-grid-item rt-grid-item img_zoom_out\" data-id=\"432\"><div class=\"rt-holder\"><div class=\"overlay\"><h2 class=\"entry-title\"><a data-id=\"432\" class=\"\" href=\"https:\/\/collectionbardinet.fr\/?page_id=432\">La collection<\/a><\/h2><\/div> <a data-id='432' class='' href='https:\/\/collectionbardinet.fr\/?page_id=432'><img loading=\"lazy\" decoding=\"async\" width=\"296\" height=\"300\" src=\"https:\/\/collectionbardinet.fr\/wp-content\/uploads\/2025\/09\/Gemini_Generated_Image_7vhvvb7vhvvb7vhv-e1757235434217-296x300.jpg\" class=\"rt-img-responsive \" alt=\"\" \/><\/a><\/div><\/div><div class=\"rt-col-md-4 rt-col-sm-4 rt-col-xs-12 even-grid-item rt-grid-item img_zoom_out\" data-id=\"469\"><div class=\"rt-holder\"><div class=\"overlay\"><h2 class=\"entry-title\"><a data-id=\"469\" class=\"\" href=\"https:\/\/collectionbardinet.fr\/?page_id=469\">Bardinet dans le Temps<\/a><\/h2><\/div> <a data-id='469' class='' href='https:\/\/collectionbardinet.fr\/?page_id=469'><img loading=\"lazy\" decoding=\"async\" width=\"246\" height=\"300\" src=\"https:\/\/collectionbardinet.fr\/wp-content\/uploads\/2024\/03\/IMG_0135-246x300.jpg\" class=\"rt-img-responsive \" alt=\"\" \/><\/a><\/div><\/div><div class=\"rt-col-md-4 rt-col-sm-4 rt-col-xs-12 even-grid-item rt-grid-item img_zoom_out\" data-id=\"2031\"><div class=\"rt-holder\"><div class=\"overlay\"><h2 class=\"entry-title\"><a data-id=\"2031\" class=\"\" href=\"https:\/\/collectionbardinet.fr\/?page_id=2031\">La Vie de l&rsquo;Entreprise<\/a><\/h2><\/div> <a data-id='2031' class='' href='https:\/\/collectionbardinet.fr\/?page_id=2031'><img loading=\"lazy\" decoding=\"async\" width=\"300\" height=\"251\" src=\"https:\/\/collectionbardinet.fr\/wp-content\/uploads\/2025\/08\/509360162_3533555643442406_3198652398230894514_n_178220694009401-300x251.jpg\" class=\"rt-img-responsive \" alt=\"\" \/><\/a><\/div><\/div><div class=\"rt-col-md-4 rt-col-sm-4 rt-col-xs-12 even-grid-item rt-grid-item img_zoom_out\" data-id=\"2029\"><div class=\"rt-holder\"><div class=\"overlay\"><h2 class=\"entry-title\"><a data-id=\"2029\" class=\"\" href=\"https:\/\/collectionbardinet.fr\/?page_id=2029\">Histoire de la Marque<\/a><\/h2><\/div> <a data-id='2029' class='' href='https:\/\/collectionbardinet.fr\/?page_id=2029'><img loading=\"lazy\" decoding=\"async\" width=\"295\" height=\"300\" src=\"https:\/\/collectionbardinet.fr\/wp-content\/uploads\/2023\/08\/358733567_810725387425592_5109987111138697549_n-e1691925982452-295x300.jpg\" class=\"rt-img-responsive \" alt=\"\" \/><\/a><\/div><\/div><div class=\"rt-col-md-4 rt-col-sm-4 rt-col-xs-12 even-grid-item rt-grid-item img_zoom_out\" data-id=\"2027\"><div class=\"rt-holder\"><div class=\"overlay\"><h2 class=\"entry-title\"><a data-id=\"2027\" class=\"\" href=\"https:\/\/collectionbardinet.fr\/?page_id=2027\">Curiosit\u00e9s &#038; Savoir-faire<\/a><\/h2><\/div> <a data-id='2027' class='' href='https:\/\/collectionbardinet.fr\/?page_id=2027'><img loading=\"lazy\" decoding=\"async\" width=\"300\" height=\"187\" src=\"https:\/\/collectionbardinet.fr\/wp-content\/uploads\/2023\/07\/215519910_322136702951132_6196093972961854217_n-300x187.jpg\" class=\"rt-img-responsive \" alt=\"\" \/><\/a><\/div><\/div><div class=\"rt-col-md-4 rt-col-sm-4 rt-col-xs-12 even-grid-item rt-grid-item img_zoom_out\" data-id=\"2020\"><div class=\"rt-holder\"><div class=\"overlay\"><h2 class=\"entry-title\"><a data-id=\"2020\" class=\"\" href=\"https:\/\/collectionbardinet.fr\/?page_id=2020\">Saga Familiale<\/a><\/h2><\/div> <a data-id='2020' class='' href='https:\/\/collectionbardinet.fr\/?page_id=2020'><img loading=\"lazy\" decoding=\"async\" width=\"300\" height=\"208\" src=\"https:\/\/collectionbardinet.fr\/wp-content\/uploads\/2023\/08\/Bordeaux-mariages010-1-300x208.jpg\" class=\"rt-img-responsive \" alt=\"\" \/><\/a><\/div><\/div><\/div><\/div><\/span><\/div>\n<div aria-hidden=\"true\"><\/div>\n<div aria-hidden=\"true\"><\/div>\n<div aria-hidden=\"true\"><\/div>\n<div aria-hidden=\"true\"><\/div>\n<div class=\"wp-block-columns\">\n<div class=\"wp-block-column\" style=\"flex-basis: 33.33%;\"><\/div>\n<\/div>\n","protected":false},"excerpt":{"rendered":"<p>L\u2019H\u00e9ritage Bardinet : Une collection, une histoire familiale Bienvenue. Ce site est le fruit d\u2019une passion n\u00e9e \u00e0 l\u2019adolescence, lorsque j\u2019ai h\u00e9rit\u00e9 de quelques parts de l\u2019entreprise qui appartenaient \u00e0 mon arri\u00e8re-grand-m\u00e8re, Michelle Barennes, fille d\u2019Edouard Bardinet. Cet h\u00e9ritage a \u00e9t\u00e9 le point de d\u00e9part d\u2019une qu\u00eate personnelle, en hommage \u00e0 mon grand-p\u00e8re Fran\u00e7ois Barennes &hellip; <\/p>\n<p class=\"link-more\"><a href=\"https:\/\/collectionbardinet.fr\/?page_id=2020\" class=\"more-link\">Lire la suite de<span class=\"screen-reader-text\">\u00ab\u00a0Saga Familiale\u00a0\u00bb<\/span><\/a><\/p>\n","protected":false},"author":1,"featured_media":0,"parent":0,"menu_order":0,"comment_status":"closed","ping_status":"open","template":"","meta":{"_acf_changed":false,"_crdt_document":"","advgb_blocks_editor_width":"","advgb_blocks_columns_visual_guide":"","footnotes":""},"categories":[],"tags":[],"class_list":["post-14","page","type-page","status-publish","hentry"],"acf":[],"coauthors":[],"author_meta":{"author_link":"https:\/\/collectionbardinet.fr\/?author=1","display_name":"Xavier P."},"relative_dates":{"created":"Publi\u00e9 3 ans il y a","modified":"Mis \u00e0 jour 7 mois il y a"},"absolute_dates":{"created":"Publi\u00e9 le 23 juillet 2023","modified":"Mise \u00e0 jour le 7 septembre 2025"},"absolute_dates_time":{"created":"Publi\u00e9 le 23 juillet 2023 18h08","modified":"Mise \u00e0 jour le 7 septembre 2025 17h37"},"featured_img_caption":"","featured_img":false,"series_order":"","rttpg_featured_image_url":null,"rttpg_author":{"display_name":"Xavier P.","author_link":"https:\/\/collectionbardinet.fr\/?author=1"},"rttpg_comment":0,"rttpg_category":false,"rttpg_excerpt":"L\u2019H\u00e9ritage Bardinet : Une collection, une histoire familiale Bienvenue. Ce site est le fruit d\u2019une passion n\u00e9e \u00e0 l\u2019adolescence, lorsque j\u2019ai h\u00e9rit\u00e9 de quelques parts de l\u2019entreprise qui appartenaient \u00e0 mon arri\u00e8re-grand-m\u00e8re, Michelle Barennes, fille d\u2019Edouard Bardinet. Cet h\u00e9ritage a \u00e9t\u00e9 le point de d\u00e9part d\u2019une qu\u00eate personnelle, en hommage \u00e0 mon grand-p\u00e8re Fran\u00e7ois Barennes\u2026","_links":{"self":[{"href":"https:\/\/collectionbardinet.fr\/index.php?rest_route=\/wp\/v2\/pages\/14","targetHints":{"allow":["GET"]}}],"collection":[{"href":"https:\/\/collectionbardinet.fr\/index.php?rest_route=\/wp\/v2\/pages"}],"about":[{"href":"https:\/\/collectionbardinet.fr\/index.php?rest_route=\/wp\/v2\/types\/page"}],"author":[{"embeddable":true,"href":"https:\/\/collectionbardinet.fr\/index.php?rest_route=\/wp\/v2\/users\/1"}],"replies":[{"embeddable":true,"href":"https:\/\/collectionbardinet.fr\/index.php?rest_route=%2Fwp%2Fv2%2Fcomments&post=14"}],"version-history":[{"count":87,"href":"https:\/\/collectionbardinet.fr\/index.php?rest_route=\/wp\/v2\/pages\/14\/revisions"}],"predecessor-version":[{"id":3557,"href":"https:\/\/collectionbardinet.fr\/index.php?rest_route=\/wp\/v2\/pages\/14\/revisions\/3557"}],"wp:attachment":[{"href":"https:\/\/collectionbardinet.fr\/index.php?rest_route=%2Fwp%2Fv2%2Fmedia&parent=14"}],"wp:term":[{"taxonomy":"category","embeddable":true,"href":"https:\/\/collectionbardinet.fr\/index.php?rest_route=%2Fwp%2Fv2%2Fcategories&post=14"},{"taxonomy":"post_tag","embeddable":true,"href":"https:\/\/collectionbardinet.fr\/index.php?rest_route=%2Fwp%2Fv2%2Ftags&post=14"}],"curies":[{"name":"wp","href":"https:\/\/api.w.org\/{rel}","templated":true}]}}